{"id":1487,"date":"2026-03-28T11:01:26","date_gmt":"2026-03-28T11:01:26","guid":{"rendered":"https:\/\/artaora.com\/?page_id=1487"},"modified":"2026-03-28T11:03:20","modified_gmt":"2026-03-28T11:03:20","slug":"aviso-legal","status":"publish","type":"page","link":"https:\/\/artaora.com\/es\/aviso-legal\/","title":{"rendered":"AVISO LEGAL"},"content":{"rendered":"<p>De acuerdo con la Ley 34\/2002 de Servicios de la Sociedad de la Informaci\u00f3n y Comercio Electr\u00f3nico, se proporciona la siguiente informaci\u00f3n legal.<\/p>\n<p>Titular del sitio web: ARTAORA<br \/>\nActividad: Venta online de joyer\u00eda artesanal, arte mural, objetos decorativos y productos elaborados parcialmente con materiales reciclados.<br \/>\nEmail de contacto: info@artaora.com<br \/>\nN\u00famero de identificaci\u00f3n fiscal (NIF\/CIF): Z0532810C<\/p>\n<p>La finalidad de este sitio web es la venta online de productos artesanales y creaciones art\u00edsticas.<br \/>\nTodo el contenido de este sitio web, incluyendo im\u00e1genes, dise\u00f1os, logotipos, textos y gr\u00e1ficos, est\u00e1 protegido por derechos de propiedad intelectual y no puede ser reproducido, distribuido o utilizado sin autorizaci\u00f3n.<br \/>\nARTAORA no se responsabiliza del uso indebido del sitio web, interrupciones del servicio, errores t\u00e9cnicos o contenido de enlaces externos.<\/p>\n<p>Este sitio web se rige por la legislaci\u00f3n espa\u00f1ola.<\/p>\n","protected":false},"excerpt":{"rendered":"<p>De acuerdo con la Ley 34\/2002 de Servicios de la Sociedad de la Informaci\u00f3n y Comercio Electr\u00f3nico, se proporciona la siguiente informaci\u00f3n legal. Titular del sitio web: ARTAORA Actividad: Venta online de joyer\u00eda artesanal, arte mural, objetos decorativos y productos elaborados parcialmente con materiales reciclados. Email de contacto: info@artaora.com N\u00famero de identificaci\u00f3n fiscal (NIF\/CIF): Z0532810C [&hellip;]<\/p>\n","protected":false},"author":1,"featured_media":0,"parent":0,"menu_order":0,"comment_status":"closed","ping_status":"closed","template":"","meta":{"footnotes":""},"class_list":["post-1487","page","type-page","status-publish","hentry"],"_links":{"self":[{"href":"https:\/\/artaora.com\/es\/wp-json\/wp\/v2\/pages\/1487","targetHints":{"allow":["GET"]}}],"collection":[{"href":"https:\/\/artaora.com\/es\/wp-json\/wp\/v2\/pages"}],"about":[{"href":"https:\/\/artaora.com\/es\/wp-json\/wp\/v2\/types\/page"}],"author":[{"embeddable":true,"href":"https:\/\/artaora.com\/es\/wp-json\/wp\/v2\/users\/1"}],"replies":[{"embeddable":true,"href":"https:\/\/artaora.com\/es\/wp-json\/wp\/v2\/comments?post=1487"}],"version-history":[{"count":2,"href":"https:\/\/artaora.com\/es\/wp-json\/wp\/v2\/pages\/1487\/revisions"}],"predecessor-version":[{"id":1489,"href":"https:\/\/artaora.com\/es\/wp-json\/wp\/v2\/pages\/1487\/revisions\/1489"}],"wp:attachment":[{"href":"https:\/\/artaora.com\/es\/wp-json\/wp\/v2\/media?parent=1487"}],"curies":[{"name":"wp","href":"https:\/\/api.w.org\/{rel}","templated":true}]}}