{"id":1031,"date":"2026-03-01T12:23:44","date_gmt":"2026-03-01T12:23:44","guid":{"rendered":"https:\/\/artaora.com\/product\/anillo-industrial-verde-con-rueda-mecanica-en-resina\/"},"modified":"2026-03-01T13:53:52","modified_gmt":"2026-03-01T13:53:52","slug":"anillo-industrial-verde-con-rueda-mecanica-en-resina","status":"publish","type":"product","link":"https:\/\/artaora.com\/es\/producto\/anillo-industrial-verde-con-rueda-mecanica-en-resina\/","title":{"rendered":"Anillo industrial verde con rueda mec\u00e1nica en resina"},"content":{"rendered":"<p>El verde enmarca un elemento de reloj en forma de rueda, sellado bajo resina para conservar su contorno mec\u00e1nico. Anillo de acero inoxidable con di\u00e1metro ajustable para ajuste adaptable. Palabra clave principal: anillo mec\u00e1nico reciclado.<\/p>\n","protected":false},"excerpt":{"rendered":"<p>El verde enmarca un elemento de reloj en forma de rueda, sellado bajo resina para conservar su contorno mec\u00e1nico. Anillo de acero inoxidable con di\u00e1metro ajustable para ajuste adaptable. Palabra clave principal: anillo mec\u00e1nico reciclado.<\/p>\n","protected":false},"featured_media":1029,"comment_status":"open","ping_status":"closed","template":"","meta":[],"product_brand":[],"product_cat":[282],"product_tag":[],"class_list":{"0":"post-1031","1":"product","2":"type-product","3":"status-publish","4":"has-post-thumbnail","6":"product_cat-anillos","7":"pa_charm-solo-piezas-de-reloj","8":"pa_color-verde","9":"pa_size-10mm","11":"first","12":"instock","13":"taxable","14":"shipping-taxable","15":"purchasable","16":"product-type-simple"},"_links":{"self":[{"href":"https:\/\/artaora.com\/es\/wp-json\/wp\/v2\/product\/1031","targetHints":{"allow":["GET"]}}],"collection":[{"href":"https:\/\/artaora.com\/es\/wp-json\/wp\/v2\/product"}],"about":[{"href":"https:\/\/artaora.com\/es\/wp-json\/wp\/v2\/types\/product"}],"replies":[{"embeddable":true,"href":"https:\/\/artaora.com\/es\/wp-json\/wp\/v2\/comments?post=1031"}],"wp:featuredmedia":[{"embeddable":true,"href":"https:\/\/artaora.com\/es\/wp-json\/wp\/v2\/media\/1029"}],"wp:attachment":[{"href":"https:\/\/artaora.com\/es\/wp-json\/wp\/v2\/media?parent=1031"}],"wp:term":[{"taxonomy":"product_brand","embeddable":true,"href":"https:\/\/artaora.com\/es\/wp-json\/wp\/v2\/product_brand?post=1031"},{"taxonomy":"product_cat","embeddable":true,"href":"https:\/\/artaora.com\/es\/wp-json\/wp\/v2\/product_cat?post=1031"},{"taxonomy":"product_tag","embeddable":true,"href":"https:\/\/artaora.com\/es\/wp-json\/wp\/v2\/product_tag?post=1031"}],"curies":[{"name":"wp","href":"https:\/\/api.w.org\/{rel}","templated":true}]}}