{"id":1039,"date":"2026-03-01T12:23:52","date_gmt":"2026-03-01T12:23:52","guid":{"rendered":"https:\/\/artaora.com\/product\/anillo-azul-con-engranaje-arquitectonico-en-resina\/"},"modified":"2026-03-01T13:53:53","modified_gmt":"2026-03-01T13:53:53","slug":"anillo-azul-con-engranaje-arquitectonico-en-resina","status":"publish","type":"product","link":"https:\/\/artaora.com\/es\/producto\/anillo-azul-con-engranaje-arquitectonico-en-resina\/","title":{"rendered":"Anillo azul con engranaje arquitect\u00f3nico en resina"},"content":{"rendered":"<p>Componentes angulares crean un aire arquitect\u00f3nico sobre base pintada en azul, sellados bajo resina para un acabado elegante. Banda de acero inoxidable y di\u00e1metro ajustable para comodidad. Palabra clave principal: anillo de dise\u00f1o industrial.<\/p>\n","protected":false},"excerpt":{"rendered":"<p>Componentes angulares crean un aire arquitect\u00f3nico sobre base pintada en azul, sellados bajo resina para un acabado elegante. Banda de acero inoxidable y di\u00e1metro ajustable para comodidad. Palabra clave principal: anillo de dise\u00f1o industrial.<\/p>\n","protected":false},"featured_media":1037,"comment_status":"open","ping_status":"closed","template":"","meta":[],"product_brand":[],"product_cat":[282],"product_tag":[],"class_list":{"0":"post-1039","1":"product","2":"type-product","3":"status-publish","4":"has-post-thumbnail","6":"product_cat-anillos","7":"pa_charm-solo-piezas-de-reloj","8":"pa_color-azul","9":"pa_size-10mm","11":"first","12":"instock","13":"taxable","14":"shipping-taxable","15":"purchasable","16":"product-type-simple"},"_links":{"self":[{"href":"https:\/\/artaora.com\/es\/wp-json\/wp\/v2\/product\/1039","targetHints":{"allow":["GET"]}}],"collection":[{"href":"https:\/\/artaora.com\/es\/wp-json\/wp\/v2\/product"}],"about":[{"href":"https:\/\/artaora.com\/es\/wp-json\/wp\/v2\/types\/product"}],"replies":[{"embeddable":true,"href":"https:\/\/artaora.com\/es\/wp-json\/wp\/v2\/comments?post=1039"}],"wp:featuredmedia":[{"embeddable":true,"href":"https:\/\/artaora.com\/es\/wp-json\/wp\/v2\/media\/1037"}],"wp:attachment":[{"href":"https:\/\/artaora.com\/es\/wp-json\/wp\/v2\/media?parent=1039"}],"wp:term":[{"taxonomy":"product_brand","embeddable":true,"href":"https:\/\/artaora.com\/es\/wp-json\/wp\/v2\/product_brand?post=1039"},{"taxonomy":"product_cat","embeddable":true,"href":"https:\/\/artaora.com\/es\/wp-json\/wp\/v2\/product_cat?post=1039"},{"taxonomy":"product_tag","embeddable":true,"href":"https:\/\/artaora.com\/es\/wp-json\/wp\/v2\/product_tag?post=1039"}],"curies":[{"name":"wp","href":"https:\/\/api.w.org\/{rel}","templated":true}]}}