{"id":1047,"date":"2026-03-01T12:23:56","date_gmt":"2026-03-01T12:23:56","guid":{"rendered":"https:\/\/artaora.com\/product\/anillo-industrial-turquesa-con-engranaje-en-resina\/"},"modified":"2026-03-01T13:53:54","modified_gmt":"2026-03-01T13:53:54","slug":"anillo-industrial-turquesa-con-engranaje-en-resina","status":"publish","type":"product","link":"https:\/\/artaora.com\/es\/producto\/anillo-industrial-turquesa-con-engranaje-en-resina\/","title":{"rendered":"Anillo industrial turquesa con engranaje en resina"},"content":{"rendered":"<p>Turquesa fr\u00edo en contraste con engranaje dorado bajo resina, creando una paleta industrial n\u00edtida. Estructura de acero inoxidable y di\u00e1metro ajustable para ajuste flexible. Palabra clave principal: anillo turquesa en resina.<\/p>\n","protected":false},"excerpt":{"rendered":"<p>Turquesa fr\u00edo en contraste con engranaje dorado bajo resina, creando una paleta industrial n\u00edtida. Estructura de acero inoxidable y di\u00e1metro ajustable para ajuste flexible. Palabra clave principal: anillo turquesa en resina.<\/p>\n","protected":false},"featured_media":1045,"comment_status":"open","ping_status":"closed","template":"","meta":[],"product_brand":[],"product_cat":[282],"product_tag":[],"class_list":{"0":"post-1047","1":"product","2":"type-product","3":"status-publish","4":"has-post-thumbnail","6":"product_cat-anillos","7":"pa_charm-solo-piezas-de-reloj","8":"pa_color-turquesa","9":"pa_size-10mm","11":"first","12":"instock","13":"taxable","14":"shipping-taxable","15":"purchasable","16":"product-type-simple"},"_links":{"self":[{"href":"https:\/\/artaora.com\/es\/wp-json\/wp\/v2\/product\/1047","targetHints":{"allow":["GET"]}}],"collection":[{"href":"https:\/\/artaora.com\/es\/wp-json\/wp\/v2\/product"}],"about":[{"href":"https:\/\/artaora.com\/es\/wp-json\/wp\/v2\/types\/product"}],"replies":[{"embeddable":true,"href":"https:\/\/artaora.com\/es\/wp-json\/wp\/v2\/comments?post=1047"}],"wp:featuredmedia":[{"embeddable":true,"href":"https:\/\/artaora.com\/es\/wp-json\/wp\/v2\/media\/1045"}],"wp:attachment":[{"href":"https:\/\/artaora.com\/es\/wp-json\/wp\/v2\/media?parent=1047"}],"wp:term":[{"taxonomy":"product_brand","embeddable":true,"href":"https:\/\/artaora.com\/es\/wp-json\/wp\/v2\/product_brand?post=1047"},{"taxonomy":"product_cat","embeddable":true,"href":"https:\/\/artaora.com\/es\/wp-json\/wp\/v2\/product_cat?post=1047"},{"taxonomy":"product_tag","embeddable":true,"href":"https:\/\/artaora.com\/es\/wp-json\/wp\/v2\/product_tag?post=1047"}],"curies":[{"name":"wp","href":"https:\/\/api.w.org\/{rel}","templated":true}]}}