{"id":1055,"date":"2026-03-01T12:24:01","date_gmt":"2026-03-01T12:24:01","guid":{"rendered":"https:\/\/artaora.com\/product\/anillo-verde-mecanico-radial-en-resina\/"},"modified":"2026-03-01T13:53:55","modified_gmt":"2026-03-01T13:53:55","slug":"anillo-verde-mecanico-radial-en-resina","status":"publish","type":"product","link":"https:\/\/artaora.com\/es\/producto\/anillo-verde-mecanico-radial-en-resina\/","title":{"rendered":"Anillo verde mec\u00e1nico radial en resina"},"content":{"rendered":"<p>Verde y disposici\u00f3n radial generan un enfoque mec\u00e1nico claro, sellado bajo resina para conservar las l\u00edneas. Banda de acero inoxidable; di\u00e1metro ajustable para ajustar el encaje. Palabra clave principal: anillo mec\u00e1nico en resina.<\/p>\n","protected":false},"excerpt":{"rendered":"<p>Verde y disposici\u00f3n radial generan un enfoque mec\u00e1nico claro, sellado bajo resina para conservar las l\u00edneas. Banda de acero inoxidable; di\u00e1metro ajustable para ajustar el encaje. Palabra clave principal: anillo mec\u00e1nico en resina.<\/p>\n","protected":false},"featured_media":1053,"comment_status":"open","ping_status":"closed","template":"","meta":[],"product_brand":[],"product_cat":[282],"product_tag":[],"class_list":{"0":"post-1055","1":"product","2":"type-product","3":"status-publish","4":"has-post-thumbnail","6":"product_cat-anillos","7":"pa_charm-solo-piezas-de-reloj","8":"pa_color-verde","9":"pa_size-10mm","11":"first","12":"instock","13":"taxable","14":"shipping-taxable","15":"purchasable","16":"product-type-simple"},"_links":{"self":[{"href":"https:\/\/artaora.com\/es\/wp-json\/wp\/v2\/product\/1055","targetHints":{"allow":["GET"]}}],"collection":[{"href":"https:\/\/artaora.com\/es\/wp-json\/wp\/v2\/product"}],"about":[{"href":"https:\/\/artaora.com\/es\/wp-json\/wp\/v2\/types\/product"}],"replies":[{"embeddable":true,"href":"https:\/\/artaora.com\/es\/wp-json\/wp\/v2\/comments?post=1055"}],"wp:featuredmedia":[{"embeddable":true,"href":"https:\/\/artaora.com\/es\/wp-json\/wp\/v2\/media\/1053"}],"wp:attachment":[{"href":"https:\/\/artaora.com\/es\/wp-json\/wp\/v2\/media?parent=1055"}],"wp:term":[{"taxonomy":"product_brand","embeddable":true,"href":"https:\/\/artaora.com\/es\/wp-json\/wp\/v2\/product_brand?post=1055"},{"taxonomy":"product_cat","embeddable":true,"href":"https:\/\/artaora.com\/es\/wp-json\/wp\/v2\/product_cat?post=1055"},{"taxonomy":"product_tag","embeddable":true,"href":"https:\/\/artaora.com\/es\/wp-json\/wp\/v2\/product_tag?post=1055"}],"curies":[{"name":"wp","href":"https:\/\/api.w.org\/{rel}","templated":true}]}}