{"id":1059,"date":"2026-03-01T12:24:04","date_gmt":"2026-03-01T12:24:04","guid":{"rendered":"https:\/\/artaora.com\/product\/anillo-azul-de-precision-mecanica-en-resina\/"},"modified":"2026-03-01T13:53:55","modified_gmt":"2026-03-01T13:53:55","slug":"anillo-azul-de-precision-mecanica-en-resina","status":"publish","type":"product","link":"https:\/\/artaora.com\/es\/producto\/anillo-azul-de-precision-mecanica-en-resina\/","title":{"rendered":"Anillo azul de precisi\u00f3n mec\u00e1nica en resina"},"content":{"rendered":"<p>Piezas de reloj de dentado fino crean sensaci\u00f3n de precisi\u00f3n sobre base pintada en azul, encapsuladas bajo resina. Construcci\u00f3n de acero inoxidable con di\u00e1metro ajustable para tallaje adaptable. Palabra clave principal: anillo de engranaje de precisi\u00f3n.<\/p>\n","protected":false},"excerpt":{"rendered":"<p>Piezas de reloj de dentado fino crean sensaci\u00f3n de precisi\u00f3n sobre base pintada en azul, encapsuladas bajo resina. Construcci\u00f3n de acero inoxidable con di\u00e1metro ajustable para tallaje adaptable. Palabra clave principal: anillo de engranaje de precisi\u00f3n.<\/p>\n","protected":false},"featured_media":1057,"comment_status":"open","ping_status":"closed","template":"","meta":[],"product_brand":[],"product_cat":[282],"product_tag":[],"class_list":{"0":"post-1059","1":"product","2":"type-product","3":"status-publish","4":"has-post-thumbnail","6":"product_cat-anillos","7":"pa_charm-solo-piezas-de-reloj","8":"pa_color-azul","9":"pa_size-10mm","11":"first","12":"instock","13":"taxable","14":"shipping-taxable","15":"purchasable","16":"product-type-simple"},"_links":{"self":[{"href":"https:\/\/artaora.com\/es\/wp-json\/wp\/v2\/product\/1059","targetHints":{"allow":["GET"]}}],"collection":[{"href":"https:\/\/artaora.com\/es\/wp-json\/wp\/v2\/product"}],"about":[{"href":"https:\/\/artaora.com\/es\/wp-json\/wp\/v2\/types\/product"}],"replies":[{"embeddable":true,"href":"https:\/\/artaora.com\/es\/wp-json\/wp\/v2\/comments?post=1059"}],"wp:featuredmedia":[{"embeddable":true,"href":"https:\/\/artaora.com\/es\/wp-json\/wp\/v2\/media\/1057"}],"wp:attachment":[{"href":"https:\/\/artaora.com\/es\/wp-json\/wp\/v2\/media?parent=1059"}],"wp:term":[{"taxonomy":"product_brand","embeddable":true,"href":"https:\/\/artaora.com\/es\/wp-json\/wp\/v2\/product_brand?post=1059"},{"taxonomy":"product_cat","embeddable":true,"href":"https:\/\/artaora.com\/es\/wp-json\/wp\/v2\/product_cat?post=1059"},{"taxonomy":"product_tag","embeddable":true,"href":"https:\/\/artaora.com\/es\/wp-json\/wp\/v2\/product_tag?post=1059"}],"curies":[{"name":"wp","href":"https:\/\/api.w.org\/{rel}","templated":true}]}}