{"id":106,"date":"2026-03-01T12:06:35","date_gmt":"2026-03-01T12:06:35","guid":{"rendered":"https:\/\/artaora.com\/product\/colgante-casete-retro-en-azul-con-acentos-mecanicos\/"},"modified":"2026-03-01T13:51:49","modified_gmt":"2026-03-01T13:51:49","slug":"colgante-casete-retro-en-azul-con-acentos-mecanicos","status":"publish","type":"product","link":"https:\/\/artaora.com\/es\/producto\/colgante-casete-retro-en-azul-con-acentos-mecanicos\/","title":{"rendered":"Colgante Casete Retro en Azul con Acentos Mec\u00e1nicos"},"content":{"rendered":"<p>Una silueta de casete retro define esta base pintada en azul, contrastando con engranajes de reloj incrustados bajo resina. Los elementos mec\u00e1nicos enmarcan el tema musical sin dominarlo, creando una composici\u00f3n equilibrada de joyer\u00eda industrial. Un colgante musical retro distintivo para coleccionistas de accesorios nost\u00e1lgicos.<\/p>\n","protected":false},"excerpt":{"rendered":"<p>Una silueta de casete retro define esta base pintada en azul, contrastando con engranajes de reloj incrustados bajo resina. Los elementos mec\u00e1nicos enmarcan el tema musical sin dominarlo, creando una composici\u00f3n equilibrada de joyer\u00eda industrial. Un colgante musical retro distintivo para coleccionistas de accesorios nost\u00e1lgicos.<\/p>\n","protected":false},"featured_media":104,"comment_status":"open","ping_status":"closed","template":"","meta":[],"product_brand":[],"product_cat":[31,159],"product_tag":[],"class_list":{"0":"post-106","1":"product","2":"type-product","3":"status-publish","4":"has-post-thumbnail","6":"product_cat-colgante","7":"product_cat-colgantes","8":"pa_charm-casete","9":"pa_charm-musica","10":"pa_color-azul","11":"pa_size-33mm","13":"first","14":"instock","15":"taxable","16":"shipping-taxable","17":"purchasable","18":"product-type-simple"},"_links":{"self":[{"href":"https:\/\/artaora.com\/es\/wp-json\/wp\/v2\/product\/106","targetHints":{"allow":["GET"]}}],"collection":[{"href":"https:\/\/artaora.com\/es\/wp-json\/wp\/v2\/product"}],"about":[{"href":"https:\/\/artaora.com\/es\/wp-json\/wp\/v2\/types\/product"}],"replies":[{"embeddable":true,"href":"https:\/\/artaora.com\/es\/wp-json\/wp\/v2\/comments?post=106"}],"wp:featuredmedia":[{"embeddable":true,"href":"https:\/\/artaora.com\/es\/wp-json\/wp\/v2\/media\/104"}],"wp:attachment":[{"href":"https:\/\/artaora.com\/es\/wp-json\/wp\/v2\/media?parent=106"}],"wp:term":[{"taxonomy":"product_brand","embeddable":true,"href":"https:\/\/artaora.com\/es\/wp-json\/wp\/v2\/product_brand?post=106"},{"taxonomy":"product_cat","embeddable":true,"href":"https:\/\/artaora.com\/es\/wp-json\/wp\/v2\/product_cat?post=106"},{"taxonomy":"product_tag","embeddable":true,"href":"https:\/\/artaora.com\/es\/wp-json\/wp\/v2\/product_tag?post=106"}],"curies":[{"name":"wp","href":"https:\/\/api.w.org\/{rel}","templated":true}]}}