{"id":1067,"date":"2026-03-01T12:24:06","date_gmt":"2026-03-01T12:24:06","guid":{"rendered":"https:\/\/artaora.com\/product\/anillo-verde-de-precision-en-capas-con-resina\/"},"modified":"2026-03-01T13:53:56","modified_gmt":"2026-03-01T13:53:56","slug":"anillo-verde-de-precision-en-capas-con-resina","status":"publish","type":"product","link":"https:\/\/artaora.com\/es\/producto\/anillo-verde-de-precision-en-capas-con-resina\/","title":{"rendered":"Anillo verde de precisi\u00f3n en capas con resina"},"content":{"rendered":"<p>Mecanismos en capas con simetr\u00eda medida sobre base pintada en verde, sellados bajo resina para un acabado n\u00edtido. Montura de acero inoxidable con di\u00e1metro ajustable para tallaje controlado. Palabra clave principal: anillo en resina con engranajes en capas.<\/p>\n","protected":false},"excerpt":{"rendered":"<p>Mecanismos en capas con simetr\u00eda medida sobre base pintada en verde, sellados bajo resina para un acabado n\u00edtido. Montura de acero inoxidable con di\u00e1metro ajustable para tallaje controlado. Palabra clave principal: anillo en resina con engranajes en capas.<\/p>\n","protected":false},"featured_media":1065,"comment_status":"open","ping_status":"closed","template":"","meta":[],"product_brand":[],"product_cat":[282],"product_tag":[],"class_list":{"0":"post-1067","1":"product","2":"type-product","3":"status-publish","4":"has-post-thumbnail","6":"product_cat-anillos","7":"pa_charm-solo-piezas-de-reloj","8":"pa_color-verde","9":"pa_size-10mm","11":"first","12":"instock","13":"taxable","14":"shipping-taxable","15":"purchasable","16":"product-type-simple"},"_links":{"self":[{"href":"https:\/\/artaora.com\/es\/wp-json\/wp\/v2\/product\/1067","targetHints":{"allow":["GET"]}}],"collection":[{"href":"https:\/\/artaora.com\/es\/wp-json\/wp\/v2\/product"}],"about":[{"href":"https:\/\/artaora.com\/es\/wp-json\/wp\/v2\/types\/product"}],"replies":[{"embeddable":true,"href":"https:\/\/artaora.com\/es\/wp-json\/wp\/v2\/comments?post=1067"}],"wp:featuredmedia":[{"embeddable":true,"href":"https:\/\/artaora.com\/es\/wp-json\/wp\/v2\/media\/1065"}],"wp:attachment":[{"href":"https:\/\/artaora.com\/es\/wp-json\/wp\/v2\/media?parent=1067"}],"wp:term":[{"taxonomy":"product_brand","embeddable":true,"href":"https:\/\/artaora.com\/es\/wp-json\/wp\/v2\/product_brand?post=1067"},{"taxonomy":"product_cat","embeddable":true,"href":"https:\/\/artaora.com\/es\/wp-json\/wp\/v2\/product_cat?post=1067"},{"taxonomy":"product_tag","embeddable":true,"href":"https:\/\/artaora.com\/es\/wp-json\/wp\/v2\/product_tag?post=1067"}],"curies":[{"name":"wp","href":"https:\/\/api.w.org\/{rel}","templated":true}]}}