{"id":110,"date":"2026-03-01T12:06:36","date_gmt":"2026-03-01T12:06:36","guid":{"rendered":"https:\/\/artaora.com\/product\/colgante-bombilla-multicolor-con-mecanismo-steampunk\/"},"modified":"2026-03-01T13:51:49","modified_gmt":"2026-03-01T13:51:49","slug":"colgante-bombilla-multicolor-con-mecanismo-steampunk","status":"publish","type":"product","link":"https:\/\/artaora.com\/es\/producto\/colgante-bombilla-multicolor-con-mecanismo-steampunk\/","title":{"rendered":"Colgante Bombilla Multicolor con Mecanismo Steampunk"},"content":{"rendered":"<p>Secciones vibrantes en amarillo, naranja, rosa y verde definen la base pintada de este colgante de bombilla, creando un fondo de alto contraste. El charm de bombilla integra componentes de reloj visibles, fusionando simbolismo de innovaci\u00f3n y textura mec\u00e1nica bajo resina. Una pieza distintiva de joyer\u00eda art\u00edstica industrial inspirada en la creatividad y la ingenier\u00eda.<\/p>\n","protected":false},"excerpt":{"rendered":"<p>Secciones vibrantes en amarillo, naranja, rosa y verde definen la base pintada de este colgante de bombilla, creando un fondo de alto contraste. El charm de bombilla integra componentes de reloj visibles, fusionando simbolismo de innovaci\u00f3n y textura mec\u00e1nica bajo resina. Una pieza distintiva de joyer\u00eda art\u00edstica industrial inspirada en la creatividad y la ingenier\u00eda.<\/p>\n","protected":false},"featured_media":108,"comment_status":"open","ping_status":"closed","template":"","meta":[],"product_brand":[],"product_cat":[31,159],"product_tag":[],"class_list":{"0":"post-110","1":"product","2":"type-product","3":"status-publish","4":"has-post-thumbnail","6":"product_cat-colgante","7":"product_cat-colgantes","8":"pa_charm-bombilla","9":"pa_charm-objetos","10":"pa_color-multicolor","11":"pa_size-33mm","13":"first","14":"instock","15":"taxable","16":"shipping-taxable","17":"purchasable","18":"product-type-simple"},"_links":{"self":[{"href":"https:\/\/artaora.com\/es\/wp-json\/wp\/v2\/product\/110","targetHints":{"allow":["GET"]}}],"collection":[{"href":"https:\/\/artaora.com\/es\/wp-json\/wp\/v2\/product"}],"about":[{"href":"https:\/\/artaora.com\/es\/wp-json\/wp\/v2\/types\/product"}],"replies":[{"embeddable":true,"href":"https:\/\/artaora.com\/es\/wp-json\/wp\/v2\/comments?post=110"}],"wp:featuredmedia":[{"embeddable":true,"href":"https:\/\/artaora.com\/es\/wp-json\/wp\/v2\/media\/108"}],"wp:attachment":[{"href":"https:\/\/artaora.com\/es\/wp-json\/wp\/v2\/media?parent=110"}],"wp:term":[{"taxonomy":"product_brand","embeddable":true,"href":"https:\/\/artaora.com\/es\/wp-json\/wp\/v2\/product_brand?post=110"},{"taxonomy":"product_cat","embeddable":true,"href":"https:\/\/artaora.com\/es\/wp-json\/wp\/v2\/product_cat?post=110"},{"taxonomy":"product_tag","embeddable":true,"href":"https:\/\/artaora.com\/es\/wp-json\/wp\/v2\/product_tag?post=110"}],"curies":[{"name":"wp","href":"https:\/\/api.w.org\/{rel}","templated":true}]}}