{"id":119,"date":"2026-03-01T12:17:52","date_gmt":"2026-03-01T12:17:52","guid":{"rendered":"https:\/\/artaora.com\/product\/colgante-moto-azul-estilo-industrial-mecanico\/"},"modified":"2026-03-01T13:51:51","modified_gmt":"2026-03-01T13:51:51","slug":"colgante-moto-azul-estilo-industrial-mecanico","status":"publish","type":"product","link":"https:\/\/artaora.com\/es\/producto\/colgante-moto-azul-estilo-industrial-mecanico\/","title":{"rendered":"Colgante Moto Azul Estilo Industrial Mec\u00e1nico"},"content":{"rendered":"<p>Una motocicleta detallada domina esta base pintada en azul, superpuesta sobre mecanismos de reloj visibles. La composici\u00f3n crea una pieza de joyer\u00eda industrial llamativa manteniendo la esencia artesanal de piezas de reloj recicladas. Pensado para amantes del arte mec\u00e1nico.<\/p>\n","protected":false},"excerpt":{"rendered":"<p>Una motocicleta detallada domina esta base pintada en azul, superpuesta sobre mecanismos de reloj visibles. La composici\u00f3n crea una pieza de joyer\u00eda industrial llamativa manteniendo la esencia artesanal de piezas de reloj recicladas. Pensado para amantes del arte mec\u00e1nico.<\/p>\n","protected":false},"featured_media":117,"comment_status":"open","ping_status":"closed","template":"","meta":[],"product_brand":[],"product_cat":[31,159],"product_tag":[],"class_list":{"0":"post-119","1":"product","2":"type-product","3":"status-publish","4":"has-post-thumbnail","6":"product_cat-colgante","7":"product_cat-colgantes","8":"pa_charm-motocicleta","9":"pa_charm-transporte","10":"pa_color-azul","11":"pa_size-25mm","13":"first","14":"instock","15":"taxable","16":"shipping-taxable","17":"purchasable","18":"product-type-simple"},"_links":{"self":[{"href":"https:\/\/artaora.com\/es\/wp-json\/wp\/v2\/product\/119","targetHints":{"allow":["GET"]}}],"collection":[{"href":"https:\/\/artaora.com\/es\/wp-json\/wp\/v2\/product"}],"about":[{"href":"https:\/\/artaora.com\/es\/wp-json\/wp\/v2\/types\/product"}],"replies":[{"embeddable":true,"href":"https:\/\/artaora.com\/es\/wp-json\/wp\/v2\/comments?post=119"}],"wp:featuredmedia":[{"embeddable":true,"href":"https:\/\/artaora.com\/es\/wp-json\/wp\/v2\/media\/117"}],"wp:attachment":[{"href":"https:\/\/artaora.com\/es\/wp-json\/wp\/v2\/media?parent=119"}],"wp:term":[{"taxonomy":"product_brand","embeddable":true,"href":"https:\/\/artaora.com\/es\/wp-json\/wp\/v2\/product_brand?post=119"},{"taxonomy":"product_cat","embeddable":true,"href":"https:\/\/artaora.com\/es\/wp-json\/wp\/v2\/product_cat?post=119"},{"taxonomy":"product_tag","embeddable":true,"href":"https:\/\/artaora.com\/es\/wp-json\/wp\/v2\/product_tag?post=119"}],"curies":[{"name":"wp","href":"https:\/\/api.w.org\/{rel}","templated":true}]}}