{"id":151,"date":"2026-03-01T12:18:08","date_gmt":"2026-03-01T12:18:08","guid":{"rendered":"https:\/\/artaora.com\/product\/colgante-buho-mecanico-rosa-artistico\/"},"modified":"2026-03-01T13:51:55","modified_gmt":"2026-03-01T13:51:55","slug":"colgante-buho-mecanico-rosa-artistico","status":"publish","type":"product","link":"https:\/\/artaora.com\/es\/producto\/colgante-buho-mecanico-rosa-artistico\/","title":{"rendered":"Colgante B\u00faho Mec\u00e1nico Rosa Art\u00edstico"},"content":{"rendered":"<p>La base pintada en rosa intenso potencia el b\u00faho esculpido sobre mecanismos de reloj superpuestos. Los detalles mec\u00e1nicos contrastan con la silueta org\u00e1nica, creando un colgante en resina de fuerte presencia visual. Un ejemplo atractivo de joyer\u00eda steampunk artesanal inspirada en la naturaleza.<\/p>\n","protected":false},"excerpt":{"rendered":"<p>La base pintada en rosa intenso potencia el b\u00faho esculpido sobre mecanismos de reloj superpuestos. Los detalles mec\u00e1nicos contrastan con la silueta org\u00e1nica, creando un colgante en resina de fuerte presencia visual. Un ejemplo atractivo de joyer\u00eda steampunk artesanal inspirada en la naturaleza.<\/p>\n","protected":false},"featured_media":149,"comment_status":"open","ping_status":"closed","template":"","meta":[],"product_brand":[],"product_cat":[31,159],"product_tag":[],"class_list":{"0":"post-151","1":"product","2":"type-product","3":"status-publish","4":"has-post-thumbnail","6":"product_cat-colgante","7":"product_cat-colgantes","8":"pa_charm-buho","9":"pa_charm-naturaleza","10":"pa_color-rosa","11":"pa_size-25mm","13":"first","14":"instock","15":"taxable","16":"shipping-taxable","17":"purchasable","18":"product-type-simple"},"_links":{"self":[{"href":"https:\/\/artaora.com\/es\/wp-json\/wp\/v2\/product\/151","targetHints":{"allow":["GET"]}}],"collection":[{"href":"https:\/\/artaora.com\/es\/wp-json\/wp\/v2\/product"}],"about":[{"href":"https:\/\/artaora.com\/es\/wp-json\/wp\/v2\/types\/product"}],"replies":[{"embeddable":true,"href":"https:\/\/artaora.com\/es\/wp-json\/wp\/v2\/comments?post=151"}],"wp:featuredmedia":[{"embeddable":true,"href":"https:\/\/artaora.com\/es\/wp-json\/wp\/v2\/media\/149"}],"wp:attachment":[{"href":"https:\/\/artaora.com\/es\/wp-json\/wp\/v2\/media?parent=151"}],"wp:term":[{"taxonomy":"product_brand","embeddable":true,"href":"https:\/\/artaora.com\/es\/wp-json\/wp\/v2\/product_brand?post=151"},{"taxonomy":"product_cat","embeddable":true,"href":"https:\/\/artaora.com\/es\/wp-json\/wp\/v2\/product_cat?post=151"},{"taxonomy":"product_tag","embeddable":true,"href":"https:\/\/artaora.com\/es\/wp-json\/wp\/v2\/product_tag?post=151"}],"curies":[{"name":"wp","href":"https:\/\/api.w.org\/{rel}","templated":true}]}}