{"id":183,"date":"2026-03-01T12:18:20","date_gmt":"2026-03-01T12:18:20","guid":{"rendered":"https:\/\/artaora.com\/product\/colgante-velero-azul-arte-mecanico\/"},"modified":"2026-03-01T13:52:00","modified_gmt":"2026-03-01T13:52:00","slug":"colgante-velero-azul-arte-mecanico","status":"publish","type":"product","link":"https:\/\/artaora.com\/es\/producto\/colgante-velero-azul-arte-mecanico\/","title":{"rendered":"Colgante Velero Azul Arte Mec\u00e1nico"},"content":{"rendered":"<p>Una base pintada en azul evoca mar abierto bajo un velero esculpido combinado con engranajes visibles de reloj. La tem\u00e1tica marina se integra con detalles mec\u00e1nicos para crear un colgante artesanal equilibrado. Una pieza steampunk distintiva para coleccionistas de dise\u00f1os n\u00e1uticos.<\/p>\n","protected":false},"excerpt":{"rendered":"<p>Una base pintada en azul evoca mar abierto bajo un velero esculpido combinado con engranajes visibles de reloj. La tem\u00e1tica marina se integra con detalles mec\u00e1nicos para crear un colgante artesanal equilibrado. Una pieza steampunk distintiva para coleccionistas de dise\u00f1os n\u00e1uticos.<\/p>\n","protected":false},"featured_media":181,"comment_status":"open","ping_status":"closed","template":"","meta":[],"product_brand":[],"product_cat":[31,159],"product_tag":[],"class_list":{"0":"post-183","1":"product","2":"type-product","3":"status-publish","4":"has-post-thumbnail","6":"product_cat-colgante","7":"product_cat-colgantes","8":"pa_charm-transporte","9":"pa_charm-velero","10":"pa_color-azul","11":"pa_size-25mm","13":"first","14":"instock","15":"taxable","16":"shipping-taxable","17":"purchasable","18":"product-type-simple"},"_links":{"self":[{"href":"https:\/\/artaora.com\/es\/wp-json\/wp\/v2\/product\/183","targetHints":{"allow":["GET"]}}],"collection":[{"href":"https:\/\/artaora.com\/es\/wp-json\/wp\/v2\/product"}],"about":[{"href":"https:\/\/artaora.com\/es\/wp-json\/wp\/v2\/types\/product"}],"replies":[{"embeddable":true,"href":"https:\/\/artaora.com\/es\/wp-json\/wp\/v2\/comments?post=183"}],"wp:featuredmedia":[{"embeddable":true,"href":"https:\/\/artaora.com\/es\/wp-json\/wp\/v2\/media\/181"}],"wp:attachment":[{"href":"https:\/\/artaora.com\/es\/wp-json\/wp\/v2\/media?parent=183"}],"wp:term":[{"taxonomy":"product_brand","embeddable":true,"href":"https:\/\/artaora.com\/es\/wp-json\/wp\/v2\/product_brand?post=183"},{"taxonomy":"product_cat","embeddable":true,"href":"https:\/\/artaora.com\/es\/wp-json\/wp\/v2\/product_cat?post=183"},{"taxonomy":"product_tag","embeddable":true,"href":"https:\/\/artaora.com\/es\/wp-json\/wp\/v2\/product_tag?post=183"}],"curies":[{"name":"wp","href":"https:\/\/api.w.org\/{rel}","templated":true}]}}