{"id":195,"date":"2026-03-01T12:18:24","date_gmt":"2026-03-01T12:18:24","guid":{"rendered":"https:\/\/artaora.com\/product\/colgante-elefante-mecanico-negro-industrial\/"},"modified":"2026-03-01T13:52:02","modified_gmt":"2026-03-01T13:52:02","slug":"colgante-elefante-mecanico-negro-industrial","status":"publish","type":"product","link":"https:\/\/artaora.com\/es\/producto\/colgante-elefante-mecanico-negro-industrial\/","title":{"rendered":"Colgante Elefante Mec\u00e1nico Negro Industrial"},"content":{"rendered":"<p>La silueta del elefante ocupa la parte inferior de una base pintada en negro brillante, mientras engranajes agrupados se elevan detr\u00e1s como una estructura. La superposici\u00f3n vertical aporta profundidad sin dominar la figura. Este colgante artesanal en resina act\u00faa como pieza destacada dentro de la joyer\u00eda industrial inspirada en la fauna.<\/p>\n","protected":false},"excerpt":{"rendered":"<p>La silueta del elefante ocupa la parte inferior de una base pintada en negro brillante, mientras engranajes agrupados se elevan detr\u00e1s como una estructura. La superposici\u00f3n vertical aporta profundidad sin dominar la figura. Este colgante artesanal en resina act\u00faa como pieza destacada dentro de la joyer\u00eda industrial inspirada en la fauna.<\/p>\n","protected":false},"featured_media":193,"comment_status":"open","ping_status":"closed","template":"","meta":[],"product_brand":[],"product_cat":[31,159],"product_tag":[],"class_list":{"0":"post-195","1":"product","2":"type-product","3":"status-publish","4":"has-post-thumbnail","6":"product_cat-colgante","7":"product_cat-colgantes","8":"pa_charm-animales","9":"pa_charm-elefante","10":"pa_color-negro","11":"pa_size-25mm","13":"first","14":"instock","15":"taxable","16":"shipping-taxable","17":"purchasable","18":"product-type-simple"},"_links":{"self":[{"href":"https:\/\/artaora.com\/es\/wp-json\/wp\/v2\/product\/195","targetHints":{"allow":["GET"]}}],"collection":[{"href":"https:\/\/artaora.com\/es\/wp-json\/wp\/v2\/product"}],"about":[{"href":"https:\/\/artaora.com\/es\/wp-json\/wp\/v2\/types\/product"}],"replies":[{"embeddable":true,"href":"https:\/\/artaora.com\/es\/wp-json\/wp\/v2\/comments?post=195"}],"wp:featuredmedia":[{"embeddable":true,"href":"https:\/\/artaora.com\/es\/wp-json\/wp\/v2\/media\/193"}],"wp:attachment":[{"href":"https:\/\/artaora.com\/es\/wp-json\/wp\/v2\/media?parent=195"}],"wp:term":[{"taxonomy":"product_brand","embeddable":true,"href":"https:\/\/artaora.com\/es\/wp-json\/wp\/v2\/product_brand?post=195"},{"taxonomy":"product_cat","embeddable":true,"href":"https:\/\/artaora.com\/es\/wp-json\/wp\/v2\/product_cat?post=195"},{"taxonomy":"product_tag","embeddable":true,"href":"https:\/\/artaora.com\/es\/wp-json\/wp\/v2\/product_tag?post=195"}],"curies":[{"name":"wp","href":"https:\/\/api.w.org\/{rel}","templated":true}]}}