{"id":203,"date":"2026-03-01T12:18:27","date_gmt":"2026-03-01T12:18:27","guid":{"rendered":"https:\/\/artaora.com\/product\/colgante-arbol-de-la-vida-industrial-sobre-base-naranja\/"},"modified":"2026-03-01T13:52:03","modified_gmt":"2026-03-01T13:52:03","slug":"colgante-arbol-de-la-vida-industrial-sobre-base-naranja","status":"publish","type":"product","link":"https:\/\/artaora.com\/es\/producto\/colgante-arbol-de-la-vida-industrial-sobre-base-naranja\/","title":{"rendered":"Colgante \u00e1rbol de la vida industrial sobre base naranja"},"content":{"rendered":"<p>Una base pintada en naranja intenso sostiene un \u00c1rbol de la Vida construido con engranajes y ramas met\u00e1licas superpuestas. La composici\u00f3n resalta el contraste entre simbolismo org\u00e1nico y estructura mec\u00e1nica, sellada bajo resina para protecci\u00f3n. Un ejemplo definido de joyer\u00eda industrial con piezas de reloj recicladas.<\/p>\n","protected":false},"excerpt":{"rendered":"<p>Una base pintada en naranja intenso sostiene un \u00c1rbol de la Vida construido con engranajes y ramas met\u00e1licas superpuestas. La composici\u00f3n resalta el contraste entre simbolismo org\u00e1nico y estructura mec\u00e1nica, sellada bajo resina para protecci\u00f3n. Un ejemplo definido de joyer\u00eda industrial con piezas de reloj recicladas.<\/p>\n","protected":false},"featured_media":201,"comment_status":"open","ping_status":"closed","template":"","meta":[],"product_brand":[],"product_cat":[159],"product_tag":[],"class_list":{"0":"post-203","1":"product","2":"type-product","3":"status-publish","4":"has-post-thumbnail","6":"product_cat-colgantes","7":"pa_charm-arbol-de-la-vida","8":"pa_charm-naturaleza","9":"pa_color-naranja","10":"pa_size-25mm","12":"first","13":"instock","14":"taxable","15":"shipping-taxable","16":"purchasable","17":"product-type-simple"},"_links":{"self":[{"href":"https:\/\/artaora.com\/es\/wp-json\/wp\/v2\/product\/203","targetHints":{"allow":["GET"]}}],"collection":[{"href":"https:\/\/artaora.com\/es\/wp-json\/wp\/v2\/product"}],"about":[{"href":"https:\/\/artaora.com\/es\/wp-json\/wp\/v2\/types\/product"}],"replies":[{"embeddable":true,"href":"https:\/\/artaora.com\/es\/wp-json\/wp\/v2\/comments?post=203"}],"wp:featuredmedia":[{"embeddable":true,"href":"https:\/\/artaora.com\/es\/wp-json\/wp\/v2\/media\/201"}],"wp:attachment":[{"href":"https:\/\/artaora.com\/es\/wp-json\/wp\/v2\/media?parent=203"}],"wp:term":[{"taxonomy":"product_brand","embeddable":true,"href":"https:\/\/artaora.com\/es\/wp-json\/wp\/v2\/product_brand?post=203"},{"taxonomy":"product_cat","embeddable":true,"href":"https:\/\/artaora.com\/es\/wp-json\/wp\/v2\/product_cat?post=203"},{"taxonomy":"product_tag","embeddable":true,"href":"https:\/\/artaora.com\/es\/wp-json\/wp\/v2\/product_tag?post=203"}],"curies":[{"name":"wp","href":"https:\/\/api.w.org\/{rel}","templated":true}]}}