{"id":215,"date":"2026-03-01T12:18:31","date_gmt":"2026-03-01T12:18:31","guid":{"rendered":"https:\/\/artaora.com\/product\/colgante-maquina-de-coser-vintage-sobre-base-amarilla\/"},"modified":"2026-03-01T13:52:05","modified_gmt":"2026-03-01T13:52:05","slug":"colgante-maquina-de-coser-vintage-sobre-base-amarilla","status":"publish","type":"product","link":"https:\/\/artaora.com\/es\/producto\/colgante-maquina-de-coser-vintage-sobre-base-amarilla\/","title":{"rendered":"Colgante m\u00e1quina de coser vintage sobre base amarilla"},"content":{"rendered":"<p>Una base pintada en amarillo intenso realza la presencia de una m\u00e1quina de coser vintage colocada sobre piezas de reloj superpuestas. Texturas industriales y referencias mec\u00e1nicas se combinan en este colgante de resina, generando una est\u00e9tica retro marcada. Una pieza artesanal distintiva para amantes de la herencia mec\u00e1nica.<\/p>\n","protected":false},"excerpt":{"rendered":"<p>Una base pintada en amarillo intenso realza la presencia de una m\u00e1quina de coser vintage colocada sobre piezas de reloj superpuestas. Texturas industriales y referencias mec\u00e1nicas se combinan en este colgante de resina, generando una est\u00e9tica retro marcada. Una pieza artesanal distintiva para amantes de la herencia mec\u00e1nica.<\/p>\n","protected":false},"featured_media":213,"comment_status":"open","ping_status":"closed","template":"","meta":[],"product_brand":[],"product_cat":[159],"product_tag":[],"class_list":{"0":"post-215","1":"product","2":"type-product","3":"status-publish","4":"has-post-thumbnail","6":"product_cat-colgantes","7":"pa_charm-maquina-de-coser","8":"pa_charm-objetos","9":"pa_color-amarillo","10":"pa_size-25mm","12":"first","13":"instock","14":"taxable","15":"shipping-taxable","16":"purchasable","17":"product-type-simple"},"_links":{"self":[{"href":"https:\/\/artaora.com\/es\/wp-json\/wp\/v2\/product\/215","targetHints":{"allow":["GET"]}}],"collection":[{"href":"https:\/\/artaora.com\/es\/wp-json\/wp\/v2\/product"}],"about":[{"href":"https:\/\/artaora.com\/es\/wp-json\/wp\/v2\/types\/product"}],"replies":[{"embeddable":true,"href":"https:\/\/artaora.com\/es\/wp-json\/wp\/v2\/comments?post=215"}],"wp:featuredmedia":[{"embeddable":true,"href":"https:\/\/artaora.com\/es\/wp-json\/wp\/v2\/media\/213"}],"wp:attachment":[{"href":"https:\/\/artaora.com\/es\/wp-json\/wp\/v2\/media?parent=215"}],"wp:term":[{"taxonomy":"product_brand","embeddable":true,"href":"https:\/\/artaora.com\/es\/wp-json\/wp\/v2\/product_brand?post=215"},{"taxonomy":"product_cat","embeddable":true,"href":"https:\/\/artaora.com\/es\/wp-json\/wp\/v2\/product_cat?post=215"},{"taxonomy":"product_tag","embeddable":true,"href":"https:\/\/artaora.com\/es\/wp-json\/wp\/v2\/product_tag?post=215"}],"curies":[{"name":"wp","href":"https:\/\/api.w.org\/{rel}","templated":true}]}}