{"id":219,"date":"2026-03-01T12:18:33","date_gmt":"2026-03-01T12:18:33","guid":{"rendered":"https:\/\/artaora.com\/product\/colgante-delfin-steampunk-sobre-base-turquesa-clara\/"},"modified":"2026-03-01T13:52:06","modified_gmt":"2026-03-01T13:52:06","slug":"colgante-delfin-steampunk-sobre-base-turquesa-clara","status":"publish","type":"product","link":"https:\/\/artaora.com\/es\/producto\/colgante-delfin-steampunk-sobre-base-turquesa-clara\/","title":{"rendered":"Colgante delf\u00edn steampunk sobre base turquesa clara"},"content":{"rendered":"<p>El movimiento fluido define este delf\u00edn colocado sobre una base pintada en turquesa claro que evoca el mar abierto. Engranajes visibles aportan contraste mec\u00e1nico junto a la figura marina, todo protegido bajo una capa de resina transparente. Un colgante steampunk inspirado en el oc\u00e9ano.<\/p>\n","protected":false},"excerpt":{"rendered":"<p>El movimiento fluido define este delf\u00edn colocado sobre una base pintada en turquesa claro que evoca el mar abierto. Engranajes visibles aportan contraste mec\u00e1nico junto a la figura marina, todo protegido bajo una capa de resina transparente. Un colgante steampunk inspirado en el oc\u00e9ano.<\/p>\n","protected":false},"featured_media":217,"comment_status":"open","ping_status":"closed","template":"","meta":[],"product_brand":[],"product_cat":[159],"product_tag":[],"class_list":{"0":"post-219","1":"product","2":"type-product","3":"status-publish","4":"has-post-thumbnail","6":"product_cat-colgantes","7":"pa_charm-delfin","8":"pa_charm-naturaleza","9":"pa_color-turquesa","10":"pa_color-turquesa-claro","11":"pa_size-25mm","13":"first","14":"instock","15":"taxable","16":"shipping-taxable","17":"purchasable","18":"product-type-simple"},"_links":{"self":[{"href":"https:\/\/artaora.com\/es\/wp-json\/wp\/v2\/product\/219","targetHints":{"allow":["GET"]}}],"collection":[{"href":"https:\/\/artaora.com\/es\/wp-json\/wp\/v2\/product"}],"about":[{"href":"https:\/\/artaora.com\/es\/wp-json\/wp\/v2\/types\/product"}],"replies":[{"embeddable":true,"href":"https:\/\/artaora.com\/es\/wp-json\/wp\/v2\/comments?post=219"}],"wp:featuredmedia":[{"embeddable":true,"href":"https:\/\/artaora.com\/es\/wp-json\/wp\/v2\/media\/217"}],"wp:attachment":[{"href":"https:\/\/artaora.com\/es\/wp-json\/wp\/v2\/media?parent=219"}],"wp:term":[{"taxonomy":"product_brand","embeddable":true,"href":"https:\/\/artaora.com\/es\/wp-json\/wp\/v2\/product_brand?post=219"},{"taxonomy":"product_cat","embeddable":true,"href":"https:\/\/artaora.com\/es\/wp-json\/wp\/v2\/product_cat?post=219"},{"taxonomy":"product_tag","embeddable":true,"href":"https:\/\/artaora.com\/es\/wp-json\/wp\/v2\/product_tag?post=219"}],"curies":[{"name":"wp","href":"https:\/\/api.w.org\/{rel}","templated":true}]}}