{"id":227,"date":"2026-03-01T12:18:35","date_gmt":"2026-03-01T12:18:35","guid":{"rendered":"https:\/\/artaora.com\/product\/colgante-guitarra-electrica-steampunk-sobre-base-azul\/"},"modified":"2026-03-01T13:52:07","modified_gmt":"2026-03-01T13:52:07","slug":"colgante-guitarra-electrica-steampunk-sobre-base-azul","status":"publish","type":"product","link":"https:\/\/artaora.com\/es\/producto\/colgante-guitarra-electrica-steampunk-sobre-base-azul\/","title":{"rendered":"Colgante guitarra el\u00e9ctrica steampunk sobre base azul"},"content":{"rendered":"<p>Una base pintada en azul texturizado sostiene una guitarra el\u00e9ctrica acompa\u00f1ada de engranajes visibles. Los componentes mec\u00e1nicos refuerzan el car\u00e1cter industrial del dise\u00f1o, sellado bajo resina para profundidad y resistencia. Un colgante steampunk de tem\u00e1tica musical elaborado con piezas de reloj recicladas.<\/p>\n","protected":false},"excerpt":{"rendered":"<p>Una base pintada en azul texturizado sostiene una guitarra el\u00e9ctrica acompa\u00f1ada de engranajes visibles. Los componentes mec\u00e1nicos refuerzan el car\u00e1cter industrial del dise\u00f1o, sellado bajo resina para profundidad y resistencia. Un colgante steampunk de tem\u00e1tica musical elaborado con piezas de reloj recicladas.<\/p>\n","protected":false},"featured_media":225,"comment_status":"open","ping_status":"closed","template":"","meta":[],"product_brand":[],"product_cat":[159],"product_tag":[],"class_list":{"0":"post-227","1":"product","2":"type-product","3":"status-publish","4":"has-post-thumbnail","6":"product_cat-colgantes","7":"pa_charm-guitarra-electrica","8":"pa_charm-musica","9":"pa_color-azul","10":"pa_size-25mm","12":"first","13":"instock","14":"taxable","15":"shipping-taxable","16":"purchasable","17":"product-type-simple"},"_links":{"self":[{"href":"https:\/\/artaora.com\/es\/wp-json\/wp\/v2\/product\/227","targetHints":{"allow":["GET"]}}],"collection":[{"href":"https:\/\/artaora.com\/es\/wp-json\/wp\/v2\/product"}],"about":[{"href":"https:\/\/artaora.com\/es\/wp-json\/wp\/v2\/types\/product"}],"replies":[{"embeddable":true,"href":"https:\/\/artaora.com\/es\/wp-json\/wp\/v2\/comments?post=227"}],"wp:featuredmedia":[{"embeddable":true,"href":"https:\/\/artaora.com\/es\/wp-json\/wp\/v2\/media\/225"}],"wp:attachment":[{"href":"https:\/\/artaora.com\/es\/wp-json\/wp\/v2\/media?parent=227"}],"wp:term":[{"taxonomy":"product_brand","embeddable":true,"href":"https:\/\/artaora.com\/es\/wp-json\/wp\/v2\/product_brand?post=227"},{"taxonomy":"product_cat","embeddable":true,"href":"https:\/\/artaora.com\/es\/wp-json\/wp\/v2\/product_cat?post=227"},{"taxonomy":"product_tag","embeddable":true,"href":"https:\/\/artaora.com\/es\/wp-json\/wp\/v2\/product_tag?post=227"}],"curies":[{"name":"wp","href":"https:\/\/api.w.org\/{rel}","templated":true}]}}