{"id":239,"date":"2026-03-01T12:18:39","date_gmt":"2026-03-01T12:18:39","guid":{"rendered":"https:\/\/artaora.com\/product\/colgante-caballito-de-mar-mecanico-sobre-base-turquesa\/"},"modified":"2026-03-01T13:52:08","modified_gmt":"2026-03-01T13:52:08","slug":"colgante-caballito-de-mar-mecanico-sobre-base-turquesa","status":"publish","type":"product","link":"https:\/\/artaora.com\/es\/producto\/colgante-caballito-de-mar-mecanico-sobre-base-turquesa\/","title":{"rendered":"Colgante caballito de mar mec\u00e1nico sobre base turquesa"},"content":{"rendered":"<p>El caballito de mar domina la composici\u00f3n, su cuerpo met\u00e1lico contrastando con una base pintada en turquesa s\u00f3lido. Engranajes de lat\u00f3n visibles se alinean en un lateral, incorporando precisi\u00f3n mec\u00e1nica a un s\u00edmbolo marino. La resina integra las capas en un colgante steampunk compacto pensado para estilos inspirados en el oc\u00e9ano.<\/p>\n","protected":false},"excerpt":{"rendered":"<p>El caballito de mar domina la composici\u00f3n, su cuerpo met\u00e1lico contrastando con una base pintada en turquesa s\u00f3lido. Engranajes de lat\u00f3n visibles se alinean en un lateral, incorporando precisi\u00f3n mec\u00e1nica a un s\u00edmbolo marino. La resina integra las capas en un colgante steampunk compacto pensado para estilos inspirados en el oc\u00e9ano.<\/p>\n","protected":false},"featured_media":237,"comment_status":"open","ping_status":"closed","template":"","meta":[],"product_brand":[],"product_cat":[159],"product_tag":[],"class_list":{"0":"post-239","1":"product","2":"type-product","3":"status-publish","4":"has-post-thumbnail","6":"product_cat-colgantes","7":"pa_charm-caballito-de-mar","8":"pa_charm-naturaleza","9":"pa_color-turquesa","10":"pa_size-25mm","12":"first","13":"instock","14":"taxable","15":"shipping-taxable","16":"purchasable","17":"product-type-simple"},"_links":{"self":[{"href":"https:\/\/artaora.com\/es\/wp-json\/wp\/v2\/product\/239","targetHints":{"allow":["GET"]}}],"collection":[{"href":"https:\/\/artaora.com\/es\/wp-json\/wp\/v2\/product"}],"about":[{"href":"https:\/\/artaora.com\/es\/wp-json\/wp\/v2\/types\/product"}],"replies":[{"embeddable":true,"href":"https:\/\/artaora.com\/es\/wp-json\/wp\/v2\/comments?post=239"}],"wp:featuredmedia":[{"embeddable":true,"href":"https:\/\/artaora.com\/es\/wp-json\/wp\/v2\/media\/237"}],"wp:attachment":[{"href":"https:\/\/artaora.com\/es\/wp-json\/wp\/v2\/media?parent=239"}],"wp:term":[{"taxonomy":"product_brand","embeddable":true,"href":"https:\/\/artaora.com\/es\/wp-json\/wp\/v2\/product_brand?post=239"},{"taxonomy":"product_cat","embeddable":true,"href":"https:\/\/artaora.com\/es\/wp-json\/wp\/v2\/product_cat?post=239"},{"taxonomy":"product_tag","embeddable":true,"href":"https:\/\/artaora.com\/es\/wp-json\/wp\/v2\/product_tag?post=239"}],"curies":[{"name":"wp","href":"https:\/\/api.w.org\/{rel}","templated":true}]}}