{"id":243,"date":"2026-03-01T12:18:40","date_gmt":"2026-03-01T12:18:40","guid":{"rendered":"https:\/\/artaora.com\/product\/colgante-velero-steampunk-sobre-base-azul-profundo\/"},"modified":"2026-03-01T13:52:09","modified_gmt":"2026-03-01T13:52:09","slug":"colgante-velero-steampunk-sobre-base-azul-profundo","status":"publish","type":"product","link":"https:\/\/artaora.com\/es\/producto\/colgante-velero-steampunk-sobre-base-azul-profundo\/","title":{"rendered":"Colgante velero steampunk sobre base azul profundo"},"content":{"rendered":"<p>Un velero se sit\u00faa sobre una base pintada en azul con profundidad tonal oscura. Engranajes de lat\u00f3n acent\u00faan los bordes superior e inferior, aportando contraste mec\u00e1nico controlado a la composici\u00f3n mar\u00edtima. La resina integra estructura y color en un colgante n\u00e1utico steampunk definido.<\/p>\n","protected":false},"excerpt":{"rendered":"<p>Un velero se sit\u00faa sobre una base pintada en azul con profundidad tonal oscura. Engranajes de lat\u00f3n acent\u00faan los bordes superior e inferior, aportando contraste mec\u00e1nico controlado a la composici\u00f3n mar\u00edtima. La resina integra estructura y color en un colgante n\u00e1utico steampunk definido.<\/p>\n","protected":false},"featured_media":241,"comment_status":"open","ping_status":"closed","template":"","meta":[],"product_brand":[],"product_cat":[159],"product_tag":[],"class_list":{"0":"post-243","1":"product","2":"type-product","3":"status-publish","4":"has-post-thumbnail","6":"product_cat-colgantes","7":"pa_charm-transporte","8":"pa_charm-velero","9":"pa_color-azul","10":"pa_color-azul-oscuro","11":"pa_size-25mm","13":"first","14":"instock","15":"taxable","16":"shipping-taxable","17":"purchasable","18":"product-type-simple"},"_links":{"self":[{"href":"https:\/\/artaora.com\/es\/wp-json\/wp\/v2\/product\/243","targetHints":{"allow":["GET"]}}],"collection":[{"href":"https:\/\/artaora.com\/es\/wp-json\/wp\/v2\/product"}],"about":[{"href":"https:\/\/artaora.com\/es\/wp-json\/wp\/v2\/types\/product"}],"replies":[{"embeddable":true,"href":"https:\/\/artaora.com\/es\/wp-json\/wp\/v2\/comments?post=243"}],"wp:featuredmedia":[{"embeddable":true,"href":"https:\/\/artaora.com\/es\/wp-json\/wp\/v2\/media\/241"}],"wp:attachment":[{"href":"https:\/\/artaora.com\/es\/wp-json\/wp\/v2\/media?parent=243"}],"wp:term":[{"taxonomy":"product_brand","embeddable":true,"href":"https:\/\/artaora.com\/es\/wp-json\/wp\/v2\/product_brand?post=243"},{"taxonomy":"product_cat","embeddable":true,"href":"https:\/\/artaora.com\/es\/wp-json\/wp\/v2\/product_cat?post=243"},{"taxonomy":"product_tag","embeddable":true,"href":"https:\/\/artaora.com\/es\/wp-json\/wp\/v2\/product_tag?post=243"}],"curies":[{"name":"wp","href":"https:\/\/api.w.org\/{rel}","templated":true}]}}