{"id":259,"date":"2026-03-01T12:18:46","date_gmt":"2026-03-01T12:18:46","guid":{"rendered":"https:\/\/artaora.com\/product\/colgante-saxofon-steampunk-sobre-base-negra\/"},"modified":"2026-03-01T13:52:11","modified_gmt":"2026-03-01T13:52:11","slug":"colgante-saxofon-steampunk-sobre-base-negra","status":"publish","type":"product","link":"https:\/\/artaora.com\/es\/producto\/colgante-saxofon-steampunk-sobre-base-negra\/","title":{"rendered":"Colgante saxof\u00f3n steampunk sobre base negra"},"content":{"rendered":"<p>La pintura negra brillante crea un fondo sobrio para un saxof\u00f3n dispuesto en diagonal sobre la superficie. Engranajes agrupados intensifican la tem\u00e1tica musical con ritmo mec\u00e1nico visible. Encapsulada en resina, la composici\u00f3n funciona como un colgante steampunk enfocado en la identidad instrumental.<\/p>\n","protected":false},"excerpt":{"rendered":"<p>La pintura negra brillante crea un fondo sobrio para un saxof\u00f3n dispuesto en diagonal sobre la superficie. Engranajes agrupados intensifican la tem\u00e1tica musical con ritmo mec\u00e1nico visible. Encapsulada en resina, la composici\u00f3n funciona como un colgante steampunk enfocado en la identidad instrumental.<\/p>\n","protected":false},"featured_media":257,"comment_status":"open","ping_status":"closed","template":"","meta":[],"product_brand":[],"product_cat":[159],"product_tag":[],"class_list":{"0":"post-259","1":"product","2":"type-product","3":"status-publish","4":"has-post-thumbnail","6":"product_cat-colgantes","7":"pa_charm-musica","8":"pa_charm-saxofon","9":"pa_color-negro","10":"pa_size-25mm","12":"first","13":"instock","14":"taxable","15":"shipping-taxable","16":"purchasable","17":"product-type-simple"},"_links":{"self":[{"href":"https:\/\/artaora.com\/es\/wp-json\/wp\/v2\/product\/259","targetHints":{"allow":["GET"]}}],"collection":[{"href":"https:\/\/artaora.com\/es\/wp-json\/wp\/v2\/product"}],"about":[{"href":"https:\/\/artaora.com\/es\/wp-json\/wp\/v2\/types\/product"}],"replies":[{"embeddable":true,"href":"https:\/\/artaora.com\/es\/wp-json\/wp\/v2\/comments?post=259"}],"wp:featuredmedia":[{"embeddable":true,"href":"https:\/\/artaora.com\/es\/wp-json\/wp\/v2\/media\/257"}],"wp:attachment":[{"href":"https:\/\/artaora.com\/es\/wp-json\/wp\/v2\/media?parent=259"}],"wp:term":[{"taxonomy":"product_brand","embeddable":true,"href":"https:\/\/artaora.com\/es\/wp-json\/wp\/v2\/product_brand?post=259"},{"taxonomy":"product_cat","embeddable":true,"href":"https:\/\/artaora.com\/es\/wp-json\/wp\/v2\/product_cat?post=259"},{"taxonomy":"product_tag","embeddable":true,"href":"https:\/\/artaora.com\/es\/wp-json\/wp\/v2\/product_tag?post=259"}],"curies":[{"name":"wp","href":"https:\/\/api.w.org\/{rel}","templated":true}]}}