{"id":271,"date":"2026-03-01T12:18:50","date_gmt":"2026-03-01T12:18:50","guid":{"rendered":"https:\/\/artaora.com\/product\/colgante-nota-musical-minimalista-steampunk-sobre-negro\/"},"modified":"2026-03-01T13:52:12","modified_gmt":"2026-03-01T13:52:12","slug":"colgante-nota-musical-minimalista-steampunk-sobre-negro","status":"publish","type":"product","link":"https:\/\/artaora.com\/es\/producto\/colgante-nota-musical-minimalista-steampunk-sobre-negro\/","title":{"rendered":"Colgante nota musical minimalista steampunk sobre negro"},"content":{"rendered":"<p>La base pintada en negro a\u00edsla la nota musical, generando contraste definido y lectura gr\u00e1fica clara. Peque\u00f1os engranajes de lat\u00f3n se agrupan en un lateral, aportando referencia mec\u00e1nica sin saturar el s\u00edmbolo central. La resina aporta profundidad en este colgante musical de car\u00e1cter industrial.<\/p>\n","protected":false},"excerpt":{"rendered":"<p>La base pintada en negro a\u00edsla la nota musical, generando contraste definido y lectura gr\u00e1fica clara. Peque\u00f1os engranajes de lat\u00f3n se agrupan en un lateral, aportando referencia mec\u00e1nica sin saturar el s\u00edmbolo central. La resina aporta profundidad en este colgante musical de car\u00e1cter industrial.<\/p>\n","protected":false},"featured_media":269,"comment_status":"open","ping_status":"closed","template":"","meta":[],"product_brand":[],"product_cat":[159],"product_tag":[],"class_list":{"0":"post-271","1":"product","2":"type-product","3":"status-publish","4":"has-post-thumbnail","6":"product_cat-colgantes","7":"pa_charm-musica","8":"pa_charm-nota-musical","9":"pa_color-negro","10":"pa_size-25mm","12":"first","13":"instock","14":"taxable","15":"shipping-taxable","16":"purchasable","17":"product-type-simple"},"_links":{"self":[{"href":"https:\/\/artaora.com\/es\/wp-json\/wp\/v2\/product\/271","targetHints":{"allow":["GET"]}}],"collection":[{"href":"https:\/\/artaora.com\/es\/wp-json\/wp\/v2\/product"}],"about":[{"href":"https:\/\/artaora.com\/es\/wp-json\/wp\/v2\/types\/product"}],"replies":[{"embeddable":true,"href":"https:\/\/artaora.com\/es\/wp-json\/wp\/v2\/comments?post=271"}],"wp:featuredmedia":[{"embeddable":true,"href":"https:\/\/artaora.com\/es\/wp-json\/wp\/v2\/media\/269"}],"wp:attachment":[{"href":"https:\/\/artaora.com\/es\/wp-json\/wp\/v2\/media?parent=271"}],"wp:term":[{"taxonomy":"product_brand","embeddable":true,"href":"https:\/\/artaora.com\/es\/wp-json\/wp\/v2\/product_brand?post=271"},{"taxonomy":"product_cat","embeddable":true,"href":"https:\/\/artaora.com\/es\/wp-json\/wp\/v2\/product_cat?post=271"},{"taxonomy":"product_tag","embeddable":true,"href":"https:\/\/artaora.com\/es\/wp-json\/wp\/v2\/product_tag?post=271"}],"curies":[{"name":"wp","href":"https:\/\/api.w.org\/{rel}","templated":true}]}}