{"id":275,"date":"2026-03-01T12:18:51","date_gmt":"2026-03-01T12:18:51","guid":{"rendered":"https:\/\/artaora.com\/product\/colgante-raquetas-de-tenis-cruzadas-steampunk-sobre-negro\/"},"modified":"2026-03-01T13:52:13","modified_gmt":"2026-03-01T13:52:13","slug":"colgante-raquetas-de-tenis-cruzadas-steampunk-sobre-negro","status":"publish","type":"product","link":"https:\/\/artaora.com\/es\/producto\/colgante-raquetas-de-tenis-cruzadas-steampunk-sobre-negro\/","title":{"rendered":"Colgante raquetas de tenis cruzadas steampunk sobre negro"},"content":{"rendered":"<p>El deporte domina la escena con raquetas de tenis cruzadas sobre una base pintada en negro. Fragmentos mec\u00e1nicos \u2014engranajes y varillas met\u00e1licas\u2014 se disponen de forma asim\u00e9trica para generar tensi\u00f3n estructural. La resina integra movimiento y maquinaria en un colgante steampunk de tem\u00e1tica deportiva.<\/p>\n","protected":false},"excerpt":{"rendered":"<p>El deporte domina la escena con raquetas de tenis cruzadas sobre una base pintada en negro. Fragmentos mec\u00e1nicos \u2014engranajes y varillas met\u00e1licas\u2014 se disponen de forma asim\u00e9trica para generar tensi\u00f3n estructural. La resina integra movimiento y maquinaria en un colgante steampunk de tem\u00e1tica deportiva.<\/p>\n","protected":false},"featured_media":273,"comment_status":"open","ping_status":"closed","template":"","meta":[],"product_brand":[],"product_cat":[159],"product_tag":[],"class_list":{"0":"post-275","1":"product","2":"type-product","3":"status-publish","4":"has-post-thumbnail","6":"product_cat-colgantes","7":"pa_charm-deportes","8":"pa_charm-tenis","9":"pa_color-negro","10":"pa_size-25mm","12":"first","13":"instock","14":"taxable","15":"shipping-taxable","16":"purchasable","17":"product-type-simple"},"_links":{"self":[{"href":"https:\/\/artaora.com\/es\/wp-json\/wp\/v2\/product\/275","targetHints":{"allow":["GET"]}}],"collection":[{"href":"https:\/\/artaora.com\/es\/wp-json\/wp\/v2\/product"}],"about":[{"href":"https:\/\/artaora.com\/es\/wp-json\/wp\/v2\/types\/product"}],"replies":[{"embeddable":true,"href":"https:\/\/artaora.com\/es\/wp-json\/wp\/v2\/comments?post=275"}],"wp:featuredmedia":[{"embeddable":true,"href":"https:\/\/artaora.com\/es\/wp-json\/wp\/v2\/media\/273"}],"wp:attachment":[{"href":"https:\/\/artaora.com\/es\/wp-json\/wp\/v2\/media?parent=275"}],"wp:term":[{"taxonomy":"product_brand","embeddable":true,"href":"https:\/\/artaora.com\/es\/wp-json\/wp\/v2\/product_brand?post=275"},{"taxonomy":"product_cat","embeddable":true,"href":"https:\/\/artaora.com\/es\/wp-json\/wp\/v2\/product_cat?post=275"},{"taxonomy":"product_tag","embeddable":true,"href":"https:\/\/artaora.com\/es\/wp-json\/wp\/v2\/product_tag?post=275"}],"curies":[{"name":"wp","href":"https:\/\/api.w.org\/{rel}","templated":true}]}}