{"id":279,"date":"2026-03-01T12:18:52","date_gmt":"2026-03-01T12:18:52","guid":{"rendered":"https:\/\/artaora.com\/product\/colgante-trompeta-steampunk-sobre-base-purpura\/"},"modified":"2026-03-01T13:52:13","modified_gmt":"2026-03-01T13:52:13","slug":"colgante-trompeta-steampunk-sobre-base-purpura","status":"publish","type":"product","link":"https:\/\/artaora.com\/es\/producto\/colgante-trompeta-steampunk-sobre-base-purpura\/","title":{"rendered":"Colgante trompeta steampunk sobre base p\u00farpura"},"content":{"rendered":"<p>Una base pintada en p\u00farpura tenue crea un fondo texturizado, casi p\u00e9treo, para la trompeta colocada en diagonal. Peque\u00f1os engranajes fijan el borde inferior, reforzando el lenguaje mec\u00e1nico sin alterar la l\u00ednea del instrumento. La resina intensifica el contraste en este colgante steampunk centrado en la simbolog\u00eda musical de metal.<\/p>\n","protected":false},"excerpt":{"rendered":"<p>Una base pintada en p\u00farpura tenue crea un fondo texturizado, casi p\u00e9treo, para la trompeta colocada en diagonal. Peque\u00f1os engranajes fijan el borde inferior, reforzando el lenguaje mec\u00e1nico sin alterar la l\u00ednea del instrumento. La resina intensifica el contraste en este colgante steampunk centrado en la simbolog\u00eda musical de metal.<\/p>\n","protected":false},"featured_media":277,"comment_status":"open","ping_status":"closed","template":"","meta":[],"product_brand":[],"product_cat":[159],"product_tag":[],"class_list":{"0":"post-279","1":"product","2":"type-product","3":"status-publish","4":"has-post-thumbnail","6":"product_cat-colgantes","7":"pa_charm-musica","8":"pa_charm-trompeta","9":"pa_color-purpura","10":"pa_size-25mm","12":"first","13":"instock","14":"taxable","15":"shipping-taxable","16":"purchasable","17":"product-type-simple"},"_links":{"self":[{"href":"https:\/\/artaora.com\/es\/wp-json\/wp\/v2\/product\/279","targetHints":{"allow":["GET"]}}],"collection":[{"href":"https:\/\/artaora.com\/es\/wp-json\/wp\/v2\/product"}],"about":[{"href":"https:\/\/artaora.com\/es\/wp-json\/wp\/v2\/types\/product"}],"replies":[{"embeddable":true,"href":"https:\/\/artaora.com\/es\/wp-json\/wp\/v2\/comments?post=279"}],"wp:featuredmedia":[{"embeddable":true,"href":"https:\/\/artaora.com\/es\/wp-json\/wp\/v2\/media\/277"}],"wp:attachment":[{"href":"https:\/\/artaora.com\/es\/wp-json\/wp\/v2\/media?parent=279"}],"wp:term":[{"taxonomy":"product_brand","embeddable":true,"href":"https:\/\/artaora.com\/es\/wp-json\/wp\/v2\/product_brand?post=279"},{"taxonomy":"product_cat","embeddable":true,"href":"https:\/\/artaora.com\/es\/wp-json\/wp\/v2\/product_cat?post=279"},{"taxonomy":"product_tag","embeddable":true,"href":"https:\/\/artaora.com\/es\/wp-json\/wp\/v2\/product_tag?post=279"}],"curies":[{"name":"wp","href":"https:\/\/api.w.org\/{rel}","templated":true}]}}