{"id":287,"date":"2026-03-01T12:18:55","date_gmt":"2026-03-01T12:18:55","guid":{"rendered":"https:\/\/artaora.com\/product\/colgante-guitarra-electrica-industrial-sobre-base-negra\/"},"modified":"2026-03-01T13:52:14","modified_gmt":"2026-03-01T13:52:14","slug":"colgante-guitarra-electrica-industrial-sobre-base-negra","status":"publish","type":"product","link":"https:\/\/artaora.com\/es\/producto\/colgante-guitarra-electrica-industrial-sobre-base-negra\/","title":{"rendered":"Colgante guitarra el\u00e9ctrica industrial sobre base negra"},"content":{"rendered":"<p>La guitarra el\u00e9ctrica se dispone en vertical, atravesando una base pintada en negro que act\u00faa como vac\u00edo visual. Engranajes de lat\u00f3n de mayor tama\u00f1o se concentran en el lado derecho, generando un campo mec\u00e1nico m\u00e1s denso. La resina intensifica contraste y profundidad en este colgante steampunk musical de fuerte tensi\u00f3n estructural.<\/p>\n","protected":false},"excerpt":{"rendered":"<p>La guitarra el\u00e9ctrica se dispone en vertical, atravesando una base pintada en negro que act\u00faa como vac\u00edo visual. Engranajes de lat\u00f3n de mayor tama\u00f1o se concentran en el lado derecho, generando un campo mec\u00e1nico m\u00e1s denso. La resina intensifica contraste y profundidad en este colgante steampunk musical de fuerte tensi\u00f3n estructural.<\/p>\n","protected":false},"featured_media":285,"comment_status":"open","ping_status":"closed","template":"","meta":[],"product_brand":[],"product_cat":[159],"product_tag":[],"class_list":{"0":"post-287","1":"product","2":"type-product","3":"status-publish","4":"has-post-thumbnail","6":"product_cat-colgantes","7":"pa_charm-guitarra-electrica","8":"pa_charm-musica","9":"pa_color-negro","10":"pa_size-25mm","12":"first","13":"instock","14":"taxable","15":"shipping-taxable","16":"purchasable","17":"product-type-simple"},"_links":{"self":[{"href":"https:\/\/artaora.com\/es\/wp-json\/wp\/v2\/product\/287","targetHints":{"allow":["GET"]}}],"collection":[{"href":"https:\/\/artaora.com\/es\/wp-json\/wp\/v2\/product"}],"about":[{"href":"https:\/\/artaora.com\/es\/wp-json\/wp\/v2\/types\/product"}],"replies":[{"embeddable":true,"href":"https:\/\/artaora.com\/es\/wp-json\/wp\/v2\/comments?post=287"}],"wp:featuredmedia":[{"embeddable":true,"href":"https:\/\/artaora.com\/es\/wp-json\/wp\/v2\/media\/285"}],"wp:attachment":[{"href":"https:\/\/artaora.com\/es\/wp-json\/wp\/v2\/media?parent=287"}],"wp:term":[{"taxonomy":"product_brand","embeddable":true,"href":"https:\/\/artaora.com\/es\/wp-json\/wp\/v2\/product_brand?post=287"},{"taxonomy":"product_cat","embeddable":true,"href":"https:\/\/artaora.com\/es\/wp-json\/wp\/v2\/product_cat?post=287"},{"taxonomy":"product_tag","embeddable":true,"href":"https:\/\/artaora.com\/es\/wp-json\/wp\/v2\/product_tag?post=287"}],"curies":[{"name":"wp","href":"https:\/\/api.w.org\/{rel}","templated":true}]}}