{"id":299,"date":"2026-03-01T12:18:58","date_gmt":"2026-03-01T12:18:58","guid":{"rendered":"https:\/\/artaora.com\/product\/colgante-camaleon-steampunk-sobre-base-pintada-naranja\/"},"modified":"2026-03-01T13:52:16","modified_gmt":"2026-03-01T13:52:16","slug":"colgante-camaleon-steampunk-sobre-base-pintada-naranja","status":"publish","type":"product","link":"https:\/\/artaora.com\/es\/producto\/colgante-camaleon-steampunk-sobre-base-pintada-naranja\/","title":{"rendered":"Colgante Camale\u00f3n Steampunk sobre Base Pintada Naranja"},"content":{"rendered":"<p>Una base pintada a mano en color naranja constituye el fondo visual de este colgante, sellado bajo una capa de resina transparente que conserva profundidad y contraste. Las piezas de reloj recicladas forman un entorno mec\u00e1nico para la figura detallada del camale\u00f3n situada por encima. Este colgante steampunk fusiona simbolismo natural con componentes de relojer\u00eda reutilizados en una pieza llamativa.<\/p>\n","protected":false},"excerpt":{"rendered":"<p>Una base pintada a mano en color naranja constituye el fondo visual de este colgante, sellado bajo una capa de resina transparente que conserva profundidad y contraste. Las piezas de reloj recicladas forman un entorno mec\u00e1nico para la figura detallada del camale\u00f3n situada por encima. Este colgante steampunk fusiona simbolismo natural con componentes de relojer\u00eda [&hellip;]<\/p>\n","protected":false},"featured_media":297,"comment_status":"open","ping_status":"closed","template":"","meta":[],"product_brand":[],"product_cat":[31,159],"product_tag":[],"class_list":{"0":"post-299","1":"product","2":"type-product","3":"status-publish","4":"has-post-thumbnail","6":"product_cat-colgante","7":"product_cat-colgantes","8":"pa_charm-camaleon","9":"pa_charm-naturaleza","10":"pa_color-naranja","11":"pa_size-50mm","13":"first","14":"instock","15":"taxable","16":"shipping-taxable","17":"purchasable","18":"product-type-simple"},"_links":{"self":[{"href":"https:\/\/artaora.com\/es\/wp-json\/wp\/v2\/product\/299","targetHints":{"allow":["GET"]}}],"collection":[{"href":"https:\/\/artaora.com\/es\/wp-json\/wp\/v2\/product"}],"about":[{"href":"https:\/\/artaora.com\/es\/wp-json\/wp\/v2\/types\/product"}],"replies":[{"embeddable":true,"href":"https:\/\/artaora.com\/es\/wp-json\/wp\/v2\/comments?post=299"}],"wp:featuredmedia":[{"embeddable":true,"href":"https:\/\/artaora.com\/es\/wp-json\/wp\/v2\/media\/297"}],"wp:attachment":[{"href":"https:\/\/artaora.com\/es\/wp-json\/wp\/v2\/media?parent=299"}],"wp:term":[{"taxonomy":"product_brand","embeddable":true,"href":"https:\/\/artaora.com\/es\/wp-json\/wp\/v2\/product_brand?post=299"},{"taxonomy":"product_cat","embeddable":true,"href":"https:\/\/artaora.com\/es\/wp-json\/wp\/v2\/product_cat?post=299"},{"taxonomy":"product_tag","embeddable":true,"href":"https:\/\/artaora.com\/es\/wp-json\/wp\/v2\/product_tag?post=299"}],"curies":[{"name":"wp","href":"https:\/\/api.w.org\/{rel}","templated":true}]}}