{"id":315,"date":"2026-03-01T12:19:04","date_gmt":"2026-03-01T12:19:04","guid":{"rendered":"https:\/\/artaora.com\/product\/colgante-corazon-naranja-industrial-con-composicion-de-engranajes\/"},"modified":"2026-03-01T13:52:18","modified_gmt":"2026-03-01T13:52:18","slug":"colgante-corazon-naranja-industrial-con-composicion-de-engranajes","status":"publish","type":"product","link":"https:\/\/artaora.com\/es\/producto\/colgante-corazon-naranja-industrial-con-composicion-de-engranajes\/","title":{"rendered":"Colgante Coraz\u00f3n Naranja Industrial con Composici\u00f3n de Engranajes"},"content":{"rendered":"<p>El naranja intenso define el impacto visual de este collar steampunk en forma de coraz\u00f3n, resaltando los elementos mec\u00e1nicos integrados. Engranajes reciclados de reloj se disponen verticalmente dentro de la base de aleaci\u00f3n met\u00e1lica en forma de coraz\u00f3n y se sellan bajo resina para aportar profundidad y nitidez. Una pieza de joyer\u00eda industrial ideal para quienes valoran la est\u00e9tica mec\u00e1nica.<\/p>\n","protected":false},"excerpt":{"rendered":"<p>El naranja intenso define el impacto visual de este collar steampunk en forma de coraz\u00f3n, resaltando los elementos mec\u00e1nicos integrados. Engranajes reciclados de reloj se disponen verticalmente dentro de la base de aleaci\u00f3n met\u00e1lica en forma de coraz\u00f3n y se sellan bajo resina para aportar profundidad y nitidez. Una pieza de joyer\u00eda industrial ideal para [&hellip;]<\/p>\n","protected":false},"featured_media":313,"comment_status":"open","ping_status":"closed","template":"","meta":[],"product_brand":[],"product_cat":[31,159],"product_tag":[],"class_list":{"0":"post-315","1":"product","2":"type-product","3":"status-publish","4":"has-post-thumbnail","6":"product_cat-colgante","7":"product_cat-colgantes","8":"pa_charm-solo-piezas-de-reloj","9":"pa_color-naranja","10":"pa_size-30mm-x-50mm","12":"first","13":"instock","14":"taxable","15":"shipping-taxable","16":"purchasable","17":"product-type-simple"},"_links":{"self":[{"href":"https:\/\/artaora.com\/es\/wp-json\/wp\/v2\/product\/315","targetHints":{"allow":["GET"]}}],"collection":[{"href":"https:\/\/artaora.com\/es\/wp-json\/wp\/v2\/product"}],"about":[{"href":"https:\/\/artaora.com\/es\/wp-json\/wp\/v2\/types\/product"}],"replies":[{"embeddable":true,"href":"https:\/\/artaora.com\/es\/wp-json\/wp\/v2\/comments?post=315"}],"wp:featuredmedia":[{"embeddable":true,"href":"https:\/\/artaora.com\/es\/wp-json\/wp\/v2\/media\/313"}],"wp:attachment":[{"href":"https:\/\/artaora.com\/es\/wp-json\/wp\/v2\/media?parent=315"}],"wp:term":[{"taxonomy":"product_brand","embeddable":true,"href":"https:\/\/artaora.com\/es\/wp-json\/wp\/v2\/product_brand?post=315"},{"taxonomy":"product_cat","embeddable":true,"href":"https:\/\/artaora.com\/es\/wp-json\/wp\/v2\/product_cat?post=315"},{"taxonomy":"product_tag","embeddable":true,"href":"https:\/\/artaora.com\/es\/wp-json\/wp\/v2\/product_tag?post=315"}],"curies":[{"name":"wp","href":"https:\/\/api.w.org\/{rel}","templated":true}]}}