{"id":387,"date":"2026-03-01T12:19:26","date_gmt":"2026-03-01T12:19:26","guid":{"rendered":"https:\/\/artaora.com\/product\/conjunto-negro-industrial-con-engranajes-de-reloj\/"},"modified":"2026-03-01T13:52:27","modified_gmt":"2026-03-01T13:52:27","slug":"conjunto-negro-industrial-con-engranajes-de-reloj","status":"publish","type":"product","link":"https:\/\/artaora.com\/es\/producto\/conjunto-negro-industrial-con-engranajes-de-reloj\/","title":{"rendered":"Conjunto Negro Industrial con Engranajes de Reloj"},"content":{"rendered":"<p>Engranajes met\u00e1licos en contraste destacan sobre una base pintada en negro y sellada con resina transparente. Este conjunto de anillo y pendientes resalta la geometr\u00eda cruda de los componentes mec\u00e1nicos, defini\u00e9ndolo como una pieza de impacto industrial. El anillo es ajustable para adaptarse c\u00f3modamente a distintas tallas.<\/p>\n","protected":false},"excerpt":{"rendered":"<p>Engranajes met\u00e1licos en contraste destacan sobre una base pintada en negro y sellada con resina transparente. Este conjunto de anillo y pendientes resalta la geometr\u00eda cruda de los componentes mec\u00e1nicos, defini\u00e9ndolo como una pieza de impacto industrial. El anillo es ajustable para adaptarse c\u00f3modamente a distintas tallas.<\/p>\n","protected":false},"featured_media":385,"comment_status":"open","ping_status":"closed","template":"","meta":[],"product_brand":[],"product_cat":[228],"product_tag":[],"class_list":{"0":"post-387","1":"product","2":"type-product","3":"status-publish","4":"has-post-thumbnail","6":"product_cat-conjuntos","7":"pa_charm-solo-piezas-de-reloj","8":"pa_color-negro","9":"pa_size-16mm","11":"first","12":"instock","13":"taxable","14":"shipping-taxable","15":"purchasable","16":"product-type-simple"},"_links":{"self":[{"href":"https:\/\/artaora.com\/es\/wp-json\/wp\/v2\/product\/387","targetHints":{"allow":["GET"]}}],"collection":[{"href":"https:\/\/artaora.com\/es\/wp-json\/wp\/v2\/product"}],"about":[{"href":"https:\/\/artaora.com\/es\/wp-json\/wp\/v2\/types\/product"}],"replies":[{"embeddable":true,"href":"https:\/\/artaora.com\/es\/wp-json\/wp\/v2\/comments?post=387"}],"wp:featuredmedia":[{"embeddable":true,"href":"https:\/\/artaora.com\/es\/wp-json\/wp\/v2\/media\/385"}],"wp:attachment":[{"href":"https:\/\/artaora.com\/es\/wp-json\/wp\/v2\/media?parent=387"}],"wp:term":[{"taxonomy":"product_brand","embeddable":true,"href":"https:\/\/artaora.com\/es\/wp-json\/wp\/v2\/product_brand?post=387"},{"taxonomy":"product_cat","embeddable":true,"href":"https:\/\/artaora.com\/es\/wp-json\/wp\/v2\/product_cat?post=387"},{"taxonomy":"product_tag","embeddable":true,"href":"https:\/\/artaora.com\/es\/wp-json\/wp\/v2\/product_tag?post=387"}],"curies":[{"name":"wp","href":"https:\/\/api.w.org\/{rel}","templated":true}]}}