{"id":403,"date":"2026-03-01T12:19:32","date_gmt":"2026-03-01T12:19:32","guid":{"rendered":"https:\/\/artaora.com\/product\/conjunto-azul-industrial-con-engranajes-de-reloj\/"},"modified":"2026-03-01T13:52:29","modified_gmt":"2026-03-01T13:52:29","slug":"conjunto-azul-industrial-con-engranajes-de-reloj","status":"publish","type":"product","link":"https:\/\/artaora.com\/es\/producto\/conjunto-azul-industrial-con-engranajes-de-reloj\/","title":{"rendered":"Conjunto Azul Industrial con Engranajes de Reloj"},"content":{"rendered":"<p>Un pigmento azul fr\u00edo compone la base pintada bajo engranajes de reloj reciclados visibles y sellados con resina. Este conjunto de anillo y pendientes en acero inoxidable ofrece una composici\u00f3n mec\u00e1nica equilibrada con precisi\u00f3n industrial. El anillo es ajustable para un uso adaptable.<\/p>\n","protected":false},"excerpt":{"rendered":"<p>Un pigmento azul fr\u00edo compone la base pintada bajo engranajes de reloj reciclados visibles y sellados con resina. Este conjunto de anillo y pendientes en acero inoxidable ofrece una composici\u00f3n mec\u00e1nica equilibrada con precisi\u00f3n industrial. El anillo es ajustable para un uso adaptable.<\/p>\n","protected":false},"featured_media":401,"comment_status":"open","ping_status":"closed","template":"","meta":[],"product_brand":[],"product_cat":[228],"product_tag":[],"class_list":{"0":"post-403","1":"product","2":"type-product","3":"status-publish","4":"has-post-thumbnail","6":"product_cat-conjuntos","7":"pa_charm-solo-piezas-de-reloj","8":"pa_color-azul","9":"pa_size-16mm","11":"first","12":"instock","13":"featured","14":"taxable","15":"shipping-taxable","16":"purchasable","17":"product-type-simple"},"_links":{"self":[{"href":"https:\/\/artaora.com\/es\/wp-json\/wp\/v2\/product\/403","targetHints":{"allow":["GET"]}}],"collection":[{"href":"https:\/\/artaora.com\/es\/wp-json\/wp\/v2\/product"}],"about":[{"href":"https:\/\/artaora.com\/es\/wp-json\/wp\/v2\/types\/product"}],"replies":[{"embeddable":true,"href":"https:\/\/artaora.com\/es\/wp-json\/wp\/v2\/comments?post=403"}],"wp:featuredmedia":[{"embeddable":true,"href":"https:\/\/artaora.com\/es\/wp-json\/wp\/v2\/media\/401"}],"wp:attachment":[{"href":"https:\/\/artaora.com\/es\/wp-json\/wp\/v2\/media?parent=403"}],"wp:term":[{"taxonomy":"product_brand","embeddable":true,"href":"https:\/\/artaora.com\/es\/wp-json\/wp\/v2\/product_brand?post=403"},{"taxonomy":"product_cat","embeddable":true,"href":"https:\/\/artaora.com\/es\/wp-json\/wp\/v2\/product_cat?post=403"},{"taxonomy":"product_tag","embeddable":true,"href":"https:\/\/artaora.com\/es\/wp-json\/wp\/v2\/product_tag?post=403"}],"curies":[{"name":"wp","href":"https:\/\/api.w.org\/{rel}","templated":true}]}}