{"id":415,"date":"2026-03-01T12:19:36","date_gmt":"2026-03-01T12:19:36","guid":{"rendered":"https:\/\/artaora.com\/product\/conjunto-negro-industrial-con-flor-y-acentos-mecanicos\/"},"modified":"2026-03-01T13:52:31","modified_gmt":"2026-03-01T13:52:31","slug":"conjunto-negro-industrial-con-flor-y-acentos-mecanicos","status":"publish","type":"product","link":"https:\/\/artaora.com\/es\/producto\/conjunto-negro-industrial-con-flor-y-acentos-mecanicos\/","title":{"rendered":"Conjunto negro industrial con flor y acentos mec\u00e1nicos"},"content":{"rendered":"<p>Una base pintada en negro intenso genera contraste para la flor met\u00e1lica central y los componentes de reloj circundantes. La capa de resina fija la estructura en una superficie uniforme y definida. Este conjunto de estilo industrial sit\u00faa una forma bot\u00e1nica dentro de un marco mec\u00e1nico.<\/p>\n","protected":false},"excerpt":{"rendered":"<p>Una base pintada en negro intenso genera contraste para la flor met\u00e1lica central y los componentes de reloj circundantes. La capa de resina fija la estructura en una superficie uniforme y definida. Este conjunto de estilo industrial sit\u00faa una forma bot\u00e1nica dentro de un marco mec\u00e1nico.<\/p>\n","protected":false},"featured_media":413,"comment_status":"open","ping_status":"closed","template":"","meta":[],"product_brand":[],"product_cat":[228],"product_tag":[],"class_list":{"0":"post-415","1":"product","2":"type-product","3":"status-publish","4":"has-post-thumbnail","6":"product_cat-conjuntos","7":"pa_charm-flor","8":"pa_charm-naturaleza","9":"pa_color-negro","10":"pa_size-25mm","12":"first","13":"instock","14":"taxable","15":"shipping-taxable","16":"purchasable","17":"product-type-simple"},"_links":{"self":[{"href":"https:\/\/artaora.com\/es\/wp-json\/wp\/v2\/product\/415","targetHints":{"allow":["GET"]}}],"collection":[{"href":"https:\/\/artaora.com\/es\/wp-json\/wp\/v2\/product"}],"about":[{"href":"https:\/\/artaora.com\/es\/wp-json\/wp\/v2\/types\/product"}],"replies":[{"embeddable":true,"href":"https:\/\/artaora.com\/es\/wp-json\/wp\/v2\/comments?post=415"}],"wp:featuredmedia":[{"embeddable":true,"href":"https:\/\/artaora.com\/es\/wp-json\/wp\/v2\/media\/413"}],"wp:attachment":[{"href":"https:\/\/artaora.com\/es\/wp-json\/wp\/v2\/media?parent=415"}],"wp:term":[{"taxonomy":"product_brand","embeddable":true,"href":"https:\/\/artaora.com\/es\/wp-json\/wp\/v2\/product_brand?post=415"},{"taxonomy":"product_cat","embeddable":true,"href":"https:\/\/artaora.com\/es\/wp-json\/wp\/v2\/product_cat?post=415"},{"taxonomy":"product_tag","embeddable":true,"href":"https:\/\/artaora.com\/es\/wp-json\/wp\/v2\/product_tag?post=415"}],"curies":[{"name":"wp","href":"https:\/\/api.w.org\/{rel}","templated":true}]}}