{"id":419,"date":"2026-03-01T12:19:37","date_gmt":"2026-03-01T12:19:37","guid":{"rendered":"https:\/\/artaora.com\/product\/conjunto-artistico-steampunk-en-naranja-con-mecanismos\/"},"modified":"2026-03-01T13:52:31","modified_gmt":"2026-03-01T13:52:31","slug":"conjunto-artistico-steampunk-en-naranja-con-mecanismos","status":"publish","type":"product","link":"https:\/\/artaora.com\/es\/producto\/conjunto-artistico-steampunk-en-naranja-con-mecanismos\/","title":{"rendered":"Conjunto art\u00edstico steampunk en naranja con mecanismos"},"content":{"rendered":"<p>Una base pintada en naranja aporta calidez bajo piezas de reloj dispuestas en una composici\u00f3n mec\u00e1nica. La capa de resina estabiliza la estructura y conserva la definici\u00f3n visual. Este conjunto steampunk en resina se centra exclusivamente en la est\u00e9tica de mecanismos visibles sin a\u00f1adir un motivo figurativo.<\/p>\n","protected":false},"excerpt":{"rendered":"<p>Una base pintada en naranja aporta calidez bajo piezas de reloj dispuestas en una composici\u00f3n mec\u00e1nica. La capa de resina estabiliza la estructura y conserva la definici\u00f3n visual. Este conjunto steampunk en resina se centra exclusivamente en la est\u00e9tica de mecanismos visibles sin a\u00f1adir un motivo figurativo.<\/p>\n","protected":false},"featured_media":417,"comment_status":"open","ping_status":"closed","template":"","meta":[],"product_brand":[],"product_cat":[228],"product_tag":[],"class_list":{"0":"post-419","1":"product","2":"type-product","3":"status-publish","4":"has-post-thumbnail","6":"product_cat-conjuntos","7":"pa_charm-solo-piezas-de-reloj","8":"pa_color-naranja","9":"pa_size-25mm","11":"first","12":"instock","13":"taxable","14":"shipping-taxable","15":"purchasable","16":"product-type-simple"},"_links":{"self":[{"href":"https:\/\/artaora.com\/es\/wp-json\/wp\/v2\/product\/419","targetHints":{"allow":["GET"]}}],"collection":[{"href":"https:\/\/artaora.com\/es\/wp-json\/wp\/v2\/product"}],"about":[{"href":"https:\/\/artaora.com\/es\/wp-json\/wp\/v2\/types\/product"}],"replies":[{"embeddable":true,"href":"https:\/\/artaora.com\/es\/wp-json\/wp\/v2\/comments?post=419"}],"wp:featuredmedia":[{"embeddable":true,"href":"https:\/\/artaora.com\/es\/wp-json\/wp\/v2\/media\/417"}],"wp:attachment":[{"href":"https:\/\/artaora.com\/es\/wp-json\/wp\/v2\/media?parent=419"}],"wp:term":[{"taxonomy":"product_brand","embeddable":true,"href":"https:\/\/artaora.com\/es\/wp-json\/wp\/v2\/product_brand?post=419"},{"taxonomy":"product_cat","embeddable":true,"href":"https:\/\/artaora.com\/es\/wp-json\/wp\/v2\/product_cat?post=419"},{"taxonomy":"product_tag","embeddable":true,"href":"https:\/\/artaora.com\/es\/wp-json\/wp\/v2\/product_tag?post=419"}],"curies":[{"name":"wp","href":"https:\/\/api.w.org\/{rel}","templated":true}]}}