{"id":423,"date":"2026-03-01T12:19:39","date_gmt":"2026-03-01T12:19:39","guid":{"rendered":"https:\/\/artaora.com\/product\/conjunto-turquesa-steampunk-con-velero-y-detalles-de-engranajes\/"},"modified":"2026-03-01T13:52:32","modified_gmt":"2026-03-01T13:52:32","slug":"conjunto-turquesa-steampunk-con-velero-y-detalles-de-engranajes","status":"publish","type":"product","link":"https:\/\/artaora.com\/es\/producto\/conjunto-turquesa-steampunk-con-velero-y-detalles-de-engranajes\/","title":{"rendered":"Conjunto turquesa steampunk con velero y detalles de engranajes"},"content":{"rendered":"<p>Una base pintada en turquesa evoca el mar abierto y enmarca un velero tridimensional sobre piezas de reloj superpuestas. La superficie de resina fija la composici\u00f3n y realza la claridad del color. Este conjunto steampunk de inspiraci\u00f3n n\u00e1utica integra elementos mec\u00e1nicos con un motivo de transporte.<\/p>\n","protected":false},"excerpt":{"rendered":"<p>Una base pintada en turquesa evoca el mar abierto y enmarca un velero tridimensional sobre piezas de reloj superpuestas. La superficie de resina fija la composici\u00f3n y realza la claridad del color. Este conjunto steampunk de inspiraci\u00f3n n\u00e1utica integra elementos mec\u00e1nicos con un motivo de transporte.<\/p>\n","protected":false},"featured_media":421,"comment_status":"open","ping_status":"closed","template":"","meta":[],"product_brand":[],"product_cat":[228],"product_tag":[],"class_list":{"0":"post-423","1":"product","2":"type-product","3":"status-publish","4":"has-post-thumbnail","6":"product_cat-conjuntos","7":"pa_charm-transporte","8":"pa_charm-velero","9":"pa_color-turquesa","10":"pa_size-25mm","12":"first","13":"instock","14":"featured","15":"taxable","16":"shipping-taxable","17":"purchasable","18":"product-type-simple"},"_links":{"self":[{"href":"https:\/\/artaora.com\/es\/wp-json\/wp\/v2\/product\/423","targetHints":{"allow":["GET"]}}],"collection":[{"href":"https:\/\/artaora.com\/es\/wp-json\/wp\/v2\/product"}],"about":[{"href":"https:\/\/artaora.com\/es\/wp-json\/wp\/v2\/types\/product"}],"replies":[{"embeddable":true,"href":"https:\/\/artaora.com\/es\/wp-json\/wp\/v2\/comments?post=423"}],"wp:featuredmedia":[{"embeddable":true,"href":"https:\/\/artaora.com\/es\/wp-json\/wp\/v2\/media\/421"}],"wp:attachment":[{"href":"https:\/\/artaora.com\/es\/wp-json\/wp\/v2\/media?parent=423"}],"wp:term":[{"taxonomy":"product_brand","embeddable":true,"href":"https:\/\/artaora.com\/es\/wp-json\/wp\/v2\/product_brand?post=423"},{"taxonomy":"product_cat","embeddable":true,"href":"https:\/\/artaora.com\/es\/wp-json\/wp\/v2\/product_cat?post=423"},{"taxonomy":"product_tag","embeddable":true,"href":"https:\/\/artaora.com\/es\/wp-json\/wp\/v2\/product_tag?post=423"}],"curies":[{"name":"wp","href":"https:\/\/api.w.org\/{rel}","templated":true}]}}