{"id":439,"date":"2026-03-01T12:19:44","date_gmt":"2026-03-01T12:19:44","guid":{"rendered":"https:\/\/artaora.com\/product\/broche-arbol-de-la-vida-mecanico-en-rosa\/"},"modified":"2026-03-01T13:52:34","modified_gmt":"2026-03-01T13:52:34","slug":"broche-arbol-de-la-vida-mecanico-en-rosa","status":"publish","type":"product","link":"https:\/\/artaora.com\/es\/producto\/broche-arbol-de-la-vida-mecanico-en-rosa\/","title":{"rendered":"Broche \u00c1rbol de la Vida Mec\u00e1nico en Rosa"},"content":{"rendered":"<p>La base pintada en rosa potencia el contraste detr\u00e1s del \u00c1rbol de la Vida y los engranajes visibles sellados con resina. Esta pieza de joyer\u00eda con piezas de reloj recicladas equilibra simbolismo org\u00e1nico y estructura mec\u00e1nica en un broche compacto y llamativo. Fabricado en acero inoxidable en formato de 25mm.<\/p>\n","protected":false},"excerpt":{"rendered":"<p>La base pintada en rosa potencia el contraste detr\u00e1s del \u00c1rbol de la Vida y los engranajes visibles sellados con resina. Esta pieza de joyer\u00eda con piezas de reloj recicladas equilibra simbolismo org\u00e1nico y estructura mec\u00e1nica en un broche compacto y llamativo. Fabricado en acero inoxidable en formato de 25mm.<\/p>\n","protected":false},"featured_media":437,"comment_status":"open","ping_status":"closed","template":"","meta":[],"product_brand":[],"product_cat":[247],"product_tag":[],"class_list":{"0":"post-439","1":"product","2":"type-product","3":"status-publish","4":"has-post-thumbnail","6":"product_cat-broche","7":"pa_charm-arbol-de-la-vida","8":"pa_charm-naturaleza","9":"pa_color-rosa","10":"pa_size-25mm","12":"first","13":"instock","14":"taxable","15":"shipping-taxable","16":"purchasable","17":"product-type-simple"},"_links":{"self":[{"href":"https:\/\/artaora.com\/es\/wp-json\/wp\/v2\/product\/439","targetHints":{"allow":["GET"]}}],"collection":[{"href":"https:\/\/artaora.com\/es\/wp-json\/wp\/v2\/product"}],"about":[{"href":"https:\/\/artaora.com\/es\/wp-json\/wp\/v2\/types\/product"}],"replies":[{"embeddable":true,"href":"https:\/\/artaora.com\/es\/wp-json\/wp\/v2\/comments?post=439"}],"wp:featuredmedia":[{"embeddable":true,"href":"https:\/\/artaora.com\/es\/wp-json\/wp\/v2\/media\/437"}],"wp:attachment":[{"href":"https:\/\/artaora.com\/es\/wp-json\/wp\/v2\/media?parent=439"}],"wp:term":[{"taxonomy":"product_brand","embeddable":true,"href":"https:\/\/artaora.com\/es\/wp-json\/wp\/v2\/product_brand?post=439"},{"taxonomy":"product_cat","embeddable":true,"href":"https:\/\/artaora.com\/es\/wp-json\/wp\/v2\/product_cat?post=439"},{"taxonomy":"product_tag","embeddable":true,"href":"https:\/\/artaora.com\/es\/wp-json\/wp\/v2\/product_tag?post=439"}],"curies":[{"name":"wp","href":"https:\/\/api.w.org\/{rel}","templated":true}]}}