{"id":447,"date":"2026-03-01T12:19:47","date_gmt":"2026-03-01T12:19:47","guid":{"rendered":"https:\/\/artaora.com\/product\/broche-delfin-steampunk-en-azul\/"},"modified":"2026-03-01T13:52:35","modified_gmt":"2026-03-01T13:52:35","slug":"broche-delfin-steampunk-en-azul","status":"publish","type":"product","link":"https:\/\/artaora.com\/es\/producto\/broche-delfin-steampunk-en-azul\/","title":{"rendered":"Broche Delf\u00edn Steampunk en Azul"},"content":{"rendered":"<p>Sobre una base pintada en azul, la figura del delf\u00edn destaca entre engranajes de reloj sellados con resina. Este broche artesanal combina simbolismo marino y textura mec\u00e1nica en un accesorio de estilo steampunk. Su estructura de acero inoxidable mantiene firme la composici\u00f3n en formato de 25mm.<\/p>\n","protected":false},"excerpt":{"rendered":"<p>Sobre una base pintada en azul, la figura del delf\u00edn destaca entre engranajes de reloj sellados con resina. Este broche artesanal combina simbolismo marino y textura mec\u00e1nica en un accesorio de estilo steampunk. Su estructura de acero inoxidable mantiene firme la composici\u00f3n en formato de 25mm.<\/p>\n","protected":false},"featured_media":445,"comment_status":"open","ping_status":"closed","template":"","meta":[],"product_brand":[],"product_cat":[247],"product_tag":[],"class_list":{"0":"post-447","1":"product","2":"type-product","3":"status-publish","4":"has-post-thumbnail","6":"product_cat-broche","7":"pa_charm-delfin","8":"pa_charm-naturaleza","9":"pa_color-azul","10":"pa_size-25mm","12":"first","13":"instock","14":"taxable","15":"shipping-taxable","16":"purchasable","17":"product-type-simple"},"_links":{"self":[{"href":"https:\/\/artaora.com\/es\/wp-json\/wp\/v2\/product\/447","targetHints":{"allow":["GET"]}}],"collection":[{"href":"https:\/\/artaora.com\/es\/wp-json\/wp\/v2\/product"}],"about":[{"href":"https:\/\/artaora.com\/es\/wp-json\/wp\/v2\/types\/product"}],"replies":[{"embeddable":true,"href":"https:\/\/artaora.com\/es\/wp-json\/wp\/v2\/comments?post=447"}],"wp:featuredmedia":[{"embeddable":true,"href":"https:\/\/artaora.com\/es\/wp-json\/wp\/v2\/media\/445"}],"wp:attachment":[{"href":"https:\/\/artaora.com\/es\/wp-json\/wp\/v2\/media?parent=447"}],"wp:term":[{"taxonomy":"product_brand","embeddable":true,"href":"https:\/\/artaora.com\/es\/wp-json\/wp\/v2\/product_brand?post=447"},{"taxonomy":"product_cat","embeddable":true,"href":"https:\/\/artaora.com\/es\/wp-json\/wp\/v2\/product_cat?post=447"},{"taxonomy":"product_tag","embeddable":true,"href":"https:\/\/artaora.com\/es\/wp-json\/wp\/v2\/product_tag?post=447"}],"curies":[{"name":"wp","href":"https:\/\/api.w.org\/{rel}","templated":true}]}}