{"id":459,"date":"2026-03-01T12:19:51","date_gmt":"2026-03-01T12:19:51","guid":{"rendered":"https:\/\/artaora.com\/product\/broche-notas-musicales-industrial-en-verde-y-amarillo\/"},"modified":"2026-03-01T13:52:37","modified_gmt":"2026-03-01T13:52:37","slug":"broche-notas-musicales-industrial-en-verde-y-amarillo","status":"publish","type":"product","link":"https:\/\/artaora.com\/es\/producto\/broche-notas-musicales-industrial-en-verde-y-amarillo\/","title":{"rendered":"Broche Notas Musicales Industrial en Verde y Amarillo"},"content":{"rendered":"<p>Los tonos verde y amarillo se extienden sobre la base pintada, creando un fondo vibrante para las notas musicales combinadas con engranajes visibles y selladas con resina. Este accesorio musical artesanal integra simbolismo r\u00edtmico y detalle mec\u00e1nico en una pieza compacta de joyer\u00eda industrial. La base de acero inoxidable aporta estabilidad en formato de 25mm.<\/p>\n","protected":false},"excerpt":{"rendered":"<p>Los tonos verde y amarillo se extienden sobre la base pintada, creando un fondo vibrante para las notas musicales combinadas con engranajes visibles y selladas con resina. Este accesorio musical artesanal integra simbolismo r\u00edtmico y detalle mec\u00e1nico en una pieza compacta de joyer\u00eda industrial. La base de acero inoxidable aporta estabilidad en formato de 25mm.<\/p>\n","protected":false},"featured_media":457,"comment_status":"open","ping_status":"closed","template":"","meta":[],"product_brand":[],"product_cat":[247],"product_tag":[],"class_list":{"0":"post-459","1":"product","2":"type-product","3":"status-publish","4":"has-post-thumbnail","6":"product_cat-broche","7":"pa_charm-musica","8":"pa_charm-notas-musicales","9":"pa_color-amarillo","10":"pa_color-verde","11":"pa_size-25mm","13":"first","14":"instock","15":"taxable","16":"shipping-taxable","17":"purchasable","18":"product-type-simple"},"_links":{"self":[{"href":"https:\/\/artaora.com\/es\/wp-json\/wp\/v2\/product\/459","targetHints":{"allow":["GET"]}}],"collection":[{"href":"https:\/\/artaora.com\/es\/wp-json\/wp\/v2\/product"}],"about":[{"href":"https:\/\/artaora.com\/es\/wp-json\/wp\/v2\/types\/product"}],"replies":[{"embeddable":true,"href":"https:\/\/artaora.com\/es\/wp-json\/wp\/v2\/comments?post=459"}],"wp:featuredmedia":[{"embeddable":true,"href":"https:\/\/artaora.com\/es\/wp-json\/wp\/v2\/media\/457"}],"wp:attachment":[{"href":"https:\/\/artaora.com\/es\/wp-json\/wp\/v2\/media?parent=459"}],"wp:term":[{"taxonomy":"product_brand","embeddable":true,"href":"https:\/\/artaora.com\/es\/wp-json\/wp\/v2\/product_brand?post=459"},{"taxonomy":"product_cat","embeddable":true,"href":"https:\/\/artaora.com\/es\/wp-json\/wp\/v2\/product_cat?post=459"},{"taxonomy":"product_tag","embeddable":true,"href":"https:\/\/artaora.com\/es\/wp-json\/wp\/v2\/product_tag?post=459"}],"curies":[{"name":"wp","href":"https:\/\/api.w.org\/{rel}","templated":true}]}}