{"id":463,"date":"2026-03-01T12:19:52","date_gmt":"2026-03-01T12:19:52","guid":{"rendered":"https:\/\/artaora.com\/product\/colgante-arbol-de-la-vida-industrial-en-resina-amarilla-steampunk\/"},"modified":"2026-03-01T13:52:37","modified_gmt":"2026-03-01T13:52:37","slug":"colgante-arbol-de-la-vida-industrial-en-resina-amarilla-steampunk","status":"publish","type":"product","link":"https:\/\/artaora.com\/es\/producto\/colgante-arbol-de-la-vida-industrial-en-resina-amarilla-steampunk\/","title":{"rendered":"Colgante \u00c1rbol de la Vida Industrial en Resina Amarilla Steampunk"},"content":{"rendered":"<p>Una base pintada en amarillo intenso define este colgante artesanal de resina, donde el \u00c1rbol de la Vida emerge entre engranajes superpuestos. Los elementos mec\u00e1nicos aportan estructura sin perder el simbolismo org\u00e1nico central. Una pieza llamativa de joyer\u00eda con piezas de reloj recicladas en estilo steampunk.<\/p>\n","protected":false},"excerpt":{"rendered":"<p>Una base pintada en amarillo intenso define este colgante artesanal de resina, donde el \u00c1rbol de la Vida emerge entre engranajes superpuestos. Los elementos mec\u00e1nicos aportan estructura sin perder el simbolismo org\u00e1nico central. Una pieza llamativa de joyer\u00eda con piezas de reloj recicladas en estilo steampunk.<\/p>\n","protected":false},"featured_media":461,"comment_status":"open","ping_status":"closed","template":"","meta":[],"product_brand":[],"product_cat":[31,159],"product_tag":[],"class_list":{"0":"post-463","1":"product","2":"type-product","3":"status-publish","4":"has-post-thumbnail","6":"product_cat-colgante","7":"product_cat-colgantes","8":"pa_charm-arbol-de-la-vida","9":"pa_charm-naturaleza","10":"pa_color-amarillo","11":"pa_size-25mm","13":"first","14":"instock","15":"featured","16":"taxable","17":"shipping-taxable","18":"purchasable","19":"product-type-simple"},"_links":{"self":[{"href":"https:\/\/artaora.com\/es\/wp-json\/wp\/v2\/product\/463","targetHints":{"allow":["GET"]}}],"collection":[{"href":"https:\/\/artaora.com\/es\/wp-json\/wp\/v2\/product"}],"about":[{"href":"https:\/\/artaora.com\/es\/wp-json\/wp\/v2\/types\/product"}],"replies":[{"embeddable":true,"href":"https:\/\/artaora.com\/es\/wp-json\/wp\/v2\/comments?post=463"}],"wp:featuredmedia":[{"embeddable":true,"href":"https:\/\/artaora.com\/es\/wp-json\/wp\/v2\/media\/461"}],"wp:attachment":[{"href":"https:\/\/artaora.com\/es\/wp-json\/wp\/v2\/media?parent=463"}],"wp:term":[{"taxonomy":"product_brand","embeddable":true,"href":"https:\/\/artaora.com\/es\/wp-json\/wp\/v2\/product_brand?post=463"},{"taxonomy":"product_cat","embeddable":true,"href":"https:\/\/artaora.com\/es\/wp-json\/wp\/v2\/product_cat?post=463"},{"taxonomy":"product_tag","embeddable":true,"href":"https:\/\/artaora.com\/es\/wp-json\/wp\/v2\/product_tag?post=463"}],"curies":[{"name":"wp","href":"https:\/\/api.w.org\/{rel}","templated":true}]}}