{"id":483,"date":"2026-03-01T12:19:59","date_gmt":"2026-03-01T12:19:59","guid":{"rendered":"https:\/\/artaora.com\/product\/pendientes-de-boton-en-azul-y-azul-oscuro-con-engranajes-en-resina\/"},"modified":"2026-03-01T13:52:40","modified_gmt":"2026-03-01T13:52:40","slug":"pendientes-de-boton-en-azul-y-azul-oscuro-con-engranajes-en-resina","status":"publish","type":"product","link":"https:\/\/artaora.com\/es\/producto\/pendientes-de-boton-en-azul-y-azul-oscuro-con-engranajes-en-resina\/","title":{"rendered":"Pendientes de bot\u00f3n en azul y azul oscuro con engranajes en resina"},"content":{"rendered":"<p>Una base azul con variaciones en azul oscuro sostiene los engranajes de reloj visibles sellados bajo resina en estos pendientes de acero inoxidable. Dise\u00f1ados como pendientes steampunk compactos, equilibran profundidad crom\u00e1tica y detalle mec\u00e1nico estructurado.<\/p>\n","protected":false},"excerpt":{"rendered":"<p>Una base azul con variaciones en azul oscuro sostiene los engranajes de reloj visibles sellados bajo resina en estos pendientes de acero inoxidable. Dise\u00f1ados como pendientes steampunk compactos, equilibran profundidad crom\u00e1tica y detalle mec\u00e1nico estructurado.<\/p>\n","protected":false},"featured_media":481,"comment_status":"open","ping_status":"closed","template":"","meta":[],"product_brand":[],"product_cat":[255],"product_tag":[],"class_list":{"0":"post-483","1":"product","2":"type-product","3":"status-publish","4":"has-post-thumbnail","6":"product_cat-pendientes","7":"pa_charm-solo-piezas-de-reloj","8":"pa_color-azul","9":"pa_color-azul-oscuro","10":"pa_size-12mm","12":"first","13":"instock","14":"taxable","15":"shipping-taxable","16":"purchasable","17":"product-type-simple"},"_links":{"self":[{"href":"https:\/\/artaora.com\/es\/wp-json\/wp\/v2\/product\/483","targetHints":{"allow":["GET"]}}],"collection":[{"href":"https:\/\/artaora.com\/es\/wp-json\/wp\/v2\/product"}],"about":[{"href":"https:\/\/artaora.com\/es\/wp-json\/wp\/v2\/types\/product"}],"replies":[{"embeddable":true,"href":"https:\/\/artaora.com\/es\/wp-json\/wp\/v2\/comments?post=483"}],"wp:featuredmedia":[{"embeddable":true,"href":"https:\/\/artaora.com\/es\/wp-json\/wp\/v2\/media\/481"}],"wp:attachment":[{"href":"https:\/\/artaora.com\/es\/wp-json\/wp\/v2\/media?parent=483"}],"wp:term":[{"taxonomy":"product_brand","embeddable":true,"href":"https:\/\/artaora.com\/es\/wp-json\/wp\/v2\/product_brand?post=483"},{"taxonomy":"product_cat","embeddable":true,"href":"https:\/\/artaora.com\/es\/wp-json\/wp\/v2\/product_cat?post=483"},{"taxonomy":"product_tag","embeddable":true,"href":"https:\/\/artaora.com\/es\/wp-json\/wp\/v2\/product_tag?post=483"}],"curies":[{"name":"wp","href":"https:\/\/api.w.org\/{rel}","templated":true}]}}