{"id":499,"date":"2026-03-01T12:20:05","date_gmt":"2026-03-01T12:20:05","guid":{"rendered":"https:\/\/artaora.com\/product\/pendientes-de-boton-verdes-arbol-de-la-vida-con-engranajes\/"},"modified":"2026-03-01T13:52:42","modified_gmt":"2026-03-01T13:52:42","slug":"pendientes-de-boton-verdes-arbol-de-la-vida-con-engranajes","status":"publish","type":"product","link":"https:\/\/artaora.com\/es\/producto\/pendientes-de-boton-verdes-arbol-de-la-vida-con-engranajes\/","title":{"rendered":"Pendientes de bot\u00f3n verdes \u00c1rbol de la Vida con engranajes"},"content":{"rendered":"<p>Una base pintada en verde enmarca el s\u00edmbolo del \u00c1rbol de la Vida combinado con engranajes visibles y sellado en resina. Estos pendientes \u00c1rbol de la Vida reinterpretan un motivo simb\u00f3lico mediante una estructura mec\u00e1nica, creando un accesorio steampunk compacto.<\/p>\n","protected":false},"excerpt":{"rendered":"<p>Una base pintada en verde enmarca el s\u00edmbolo del \u00c1rbol de la Vida combinado con engranajes visibles y sellado en resina. Estos pendientes \u00c1rbol de la Vida reinterpretan un motivo simb\u00f3lico mediante una estructura mec\u00e1nica, creando un accesorio steampunk compacto.<\/p>\n","protected":false},"featured_media":497,"comment_status":"open","ping_status":"closed","template":"","meta":[],"product_brand":[],"product_cat":[255],"product_tag":[],"class_list":{"0":"post-499","1":"product","2":"type-product","3":"status-publish","4":"has-post-thumbnail","6":"product_cat-pendientes","7":"pa_charm-arbol-de-la-vida","8":"pa_charm-naturaleza","9":"pa_color-verde","10":"pa_size-12mm","12":"first","13":"instock","14":"taxable","15":"shipping-taxable","16":"purchasable","17":"product-type-simple"},"_links":{"self":[{"href":"https:\/\/artaora.com\/es\/wp-json\/wp\/v2\/product\/499","targetHints":{"allow":["GET"]}}],"collection":[{"href":"https:\/\/artaora.com\/es\/wp-json\/wp\/v2\/product"}],"about":[{"href":"https:\/\/artaora.com\/es\/wp-json\/wp\/v2\/types\/product"}],"replies":[{"embeddable":true,"href":"https:\/\/artaora.com\/es\/wp-json\/wp\/v2\/comments?post=499"}],"wp:featuredmedia":[{"embeddable":true,"href":"https:\/\/artaora.com\/es\/wp-json\/wp\/v2\/media\/497"}],"wp:attachment":[{"href":"https:\/\/artaora.com\/es\/wp-json\/wp\/v2\/media?parent=499"}],"wp:term":[{"taxonomy":"product_brand","embeddable":true,"href":"https:\/\/artaora.com\/es\/wp-json\/wp\/v2\/product_brand?post=499"},{"taxonomy":"product_cat","embeddable":true,"href":"https:\/\/artaora.com\/es\/wp-json\/wp\/v2\/product_cat?post=499"},{"taxonomy":"product_tag","embeddable":true,"href":"https:\/\/artaora.com\/es\/wp-json\/wp\/v2\/product_tag?post=499"}],"curies":[{"name":"wp","href":"https:\/\/api.w.org\/{rel}","templated":true}]}}