{"id":503,"date":"2026-03-01T12:20:07","date_gmt":"2026-03-01T12:20:07","guid":{"rendered":"https:\/\/artaora.com\/product\/pendientes-de-boton-verdes-industriales-con-engranajes-en-resina\/"},"modified":"2026-03-01T13:52:43","modified_gmt":"2026-03-01T13:52:43","slug":"pendientes-de-boton-verdes-industriales-con-engranajes-en-resina","status":"publish","type":"product","link":"https:\/\/artaora.com\/es\/producto\/pendientes-de-boton-verdes-industriales-con-engranajes-en-resina\/","title":{"rendered":"Pendientes de bot\u00f3n verdes industriales con engranajes en resina"},"content":{"rendered":"<p>Los tonos verdes apagados aportan profundidad detr\u00e1s de engranajes de lat\u00f3n y acero contrastantes conservados en resina transparente. Dise\u00f1ados como pendientes industriales compactos, priorizan la interacci\u00f3n de materiales sobre el ornamento, logrando una est\u00e9tica mec\u00e1nica refinada.<\/p>\n","protected":false},"excerpt":{"rendered":"<p>Los tonos verdes apagados aportan profundidad detr\u00e1s de engranajes de lat\u00f3n y acero contrastantes conservados en resina transparente. Dise\u00f1ados como pendientes industriales compactos, priorizan la interacci\u00f3n de materiales sobre el ornamento, logrando una est\u00e9tica mec\u00e1nica refinada.<\/p>\n","protected":false},"featured_media":501,"comment_status":"open","ping_status":"closed","template":"","meta":[],"product_brand":[],"product_cat":[255],"product_tag":[],"class_list":{"0":"post-503","1":"product","2":"type-product","3":"status-publish","4":"has-post-thumbnail","6":"product_cat-pendientes","7":"pa_charm-solo-piezas-de-reloj","8":"pa_color-verde","9":"pa_size-12mm","11":"first","12":"instock","13":"taxable","14":"shipping-taxable","15":"purchasable","16":"product-type-simple"},"_links":{"self":[{"href":"https:\/\/artaora.com\/es\/wp-json\/wp\/v2\/product\/503","targetHints":{"allow":["GET"]}}],"collection":[{"href":"https:\/\/artaora.com\/es\/wp-json\/wp\/v2\/product"}],"about":[{"href":"https:\/\/artaora.com\/es\/wp-json\/wp\/v2\/types\/product"}],"replies":[{"embeddable":true,"href":"https:\/\/artaora.com\/es\/wp-json\/wp\/v2\/comments?post=503"}],"wp:featuredmedia":[{"embeddable":true,"href":"https:\/\/artaora.com\/es\/wp-json\/wp\/v2\/media\/501"}],"wp:attachment":[{"href":"https:\/\/artaora.com\/es\/wp-json\/wp\/v2\/media?parent=503"}],"wp:term":[{"taxonomy":"product_brand","embeddable":true,"href":"https:\/\/artaora.com\/es\/wp-json\/wp\/v2\/product_brand?post=503"},{"taxonomy":"product_cat","embeddable":true,"href":"https:\/\/artaora.com\/es\/wp-json\/wp\/v2\/product_cat?post=503"},{"taxonomy":"product_tag","embeddable":true,"href":"https:\/\/artaora.com\/es\/wp-json\/wp\/v2\/product_tag?post=503"}],"curies":[{"name":"wp","href":"https:\/\/api.w.org\/{rel}","templated":true}]}}