{"id":547,"date":"2026-03-01T12:20:23","date_gmt":"2026-03-01T12:20:23","guid":{"rendered":"https:\/\/artaora.com\/product\/pendientes-dorados-mecanicos-en-capas\/"},"modified":"2026-03-01T13:52:48","modified_gmt":"2026-03-01T13:52:48","slug":"pendientes-dorados-mecanicos-en-capas","status":"publish","type":"product","link":"https:\/\/artaora.com\/es\/producto\/pendientes-dorados-mecanicos-en-capas\/","title":{"rendered":"Pendientes dorados mec\u00e1nicos en capas"},"content":{"rendered":"<p>Una base pintada en dorado c\u00e1lido genera un campo monocrom\u00e1tico donde engranajes reciclados se integran y superponen con contraste sutil. El engaste de acero inoxidable de 12mm y el sellado en resina conservan el ensamblaje, defini\u00e9ndolos como pendientes mec\u00e1nicos de car\u00e1cter industrial discreto.<\/p>\n","protected":false},"excerpt":{"rendered":"<p>Una base pintada en dorado c\u00e1lido genera un campo monocrom\u00e1tico donde engranajes reciclados se integran y superponen con contraste sutil. El engaste de acero inoxidable de 12mm y el sellado en resina conservan el ensamblaje, defini\u00e9ndolos como pendientes mec\u00e1nicos de car\u00e1cter industrial discreto.<\/p>\n","protected":false},"featured_media":545,"comment_status":"open","ping_status":"closed","template":"","meta":[],"product_brand":[],"product_cat":[255],"product_tag":[],"class_list":{"0":"post-547","1":"product","2":"type-product","3":"status-publish","4":"has-post-thumbnail","6":"product_cat-pendientes","7":"pa_charm-solo-piezas-de-reloj","8":"pa_color-dorado","9":"pa_size-12mm","11":"first","12":"instock","13":"taxable","14":"shipping-taxable","15":"purchasable","16":"product-type-simple"},"_links":{"self":[{"href":"https:\/\/artaora.com\/es\/wp-json\/wp\/v2\/product\/547","targetHints":{"allow":["GET"]}}],"collection":[{"href":"https:\/\/artaora.com\/es\/wp-json\/wp\/v2\/product"}],"about":[{"href":"https:\/\/artaora.com\/es\/wp-json\/wp\/v2\/types\/product"}],"replies":[{"embeddable":true,"href":"https:\/\/artaora.com\/es\/wp-json\/wp\/v2\/comments?post=547"}],"wp:featuredmedia":[{"embeddable":true,"href":"https:\/\/artaora.com\/es\/wp-json\/wp\/v2\/media\/545"}],"wp:attachment":[{"href":"https:\/\/artaora.com\/es\/wp-json\/wp\/v2\/media?parent=547"}],"wp:term":[{"taxonomy":"product_brand","embeddable":true,"href":"https:\/\/artaora.com\/es\/wp-json\/wp\/v2\/product_brand?post=547"},{"taxonomy":"product_cat","embeddable":true,"href":"https:\/\/artaora.com\/es\/wp-json\/wp\/v2\/product_cat?post=547"},{"taxonomy":"product_tag","embeddable":true,"href":"https:\/\/artaora.com\/es\/wp-json\/wp\/v2\/product_tag?post=547"}],"curies":[{"name":"wp","href":"https:\/\/api.w.org\/{rel}","templated":true}]}}