{"id":551,"date":"2026-03-01T12:20:25","date_gmt":"2026-03-01T12:20:25","guid":{"rendered":"https:\/\/artaora.com\/product\/pendientes-turquesa-de-arte-industrial-con-engranajes\/"},"modified":"2026-03-01T13:52:48","modified_gmt":"2026-03-01T13:52:48","slug":"pendientes-turquesa-de-arte-industrial-con-engranajes","status":"publish","type":"product","link":"https:\/\/artaora.com\/es\/producto\/pendientes-turquesa-de-arte-industrial-con-engranajes\/","title":{"rendered":"Pendientes turquesa de arte industrial con engranajes"},"content":{"rendered":"<p>La geometr\u00eda mec\u00e1nica se combina con un color vibrante en esta composici\u00f3n de 12mm sobre una base pintada en turquesa. Los engranajes reciclados se disponen de forma asim\u00e9trica para generar dinamismo, creando pendientes industriales hechos a mano con marcada presencia visual.<\/p>\n","protected":false},"excerpt":{"rendered":"<p>La geometr\u00eda mec\u00e1nica se combina con un color vibrante en esta composici\u00f3n de 12mm sobre una base pintada en turquesa. Los engranajes reciclados se disponen de forma asim\u00e9trica para generar dinamismo, creando pendientes industriales hechos a mano con marcada presencia visual.<\/p>\n","protected":false},"featured_media":549,"comment_status":"open","ping_status":"closed","template":"","meta":[],"product_brand":[],"product_cat":[255],"product_tag":[],"class_list":{"0":"post-551","1":"product","2":"type-product","3":"status-publish","4":"has-post-thumbnail","6":"product_cat-pendientes","7":"pa_charm-solo-piezas-de-reloj","8":"pa_color-turquesa","9":"pa_size-12mm","11":"first","12":"instock","13":"taxable","14":"shipping-taxable","15":"purchasable","16":"product-type-simple"},"_links":{"self":[{"href":"https:\/\/artaora.com\/es\/wp-json\/wp\/v2\/product\/551","targetHints":{"allow":["GET"]}}],"collection":[{"href":"https:\/\/artaora.com\/es\/wp-json\/wp\/v2\/product"}],"about":[{"href":"https:\/\/artaora.com\/es\/wp-json\/wp\/v2\/types\/product"}],"replies":[{"embeddable":true,"href":"https:\/\/artaora.com\/es\/wp-json\/wp\/v2\/comments?post=551"}],"wp:featuredmedia":[{"embeddable":true,"href":"https:\/\/artaora.com\/es\/wp-json\/wp\/v2\/media\/549"}],"wp:attachment":[{"href":"https:\/\/artaora.com\/es\/wp-json\/wp\/v2\/media?parent=551"}],"wp:term":[{"taxonomy":"product_brand","embeddable":true,"href":"https:\/\/artaora.com\/es\/wp-json\/wp\/v2\/product_brand?post=551"},{"taxonomy":"product_cat","embeddable":true,"href":"https:\/\/artaora.com\/es\/wp-json\/wp\/v2\/product_cat?post=551"},{"taxonomy":"product_tag","embeddable":true,"href":"https:\/\/artaora.com\/es\/wp-json\/wp\/v2\/product_tag?post=551"}],"curies":[{"name":"wp","href":"https:\/\/api.w.org\/{rel}","templated":true}]}}