{"id":555,"date":"2026-03-01T12:20:27","date_gmt":"2026-03-01T12:20:27","guid":{"rendered":"https:\/\/artaora.com\/product\/pendientes-negros-de-contraste-mecanico\/"},"modified":"2026-03-01T13:52:49","modified_gmt":"2026-03-01T13:52:49","slug":"pendientes-negros-de-contraste-mecanico","status":"publish","type":"product","link":"https:\/\/artaora.com\/es\/producto\/pendientes-negros-de-contraste-mecanico\/","title":{"rendered":"Pendientes negros de contraste mec\u00e1nico"},"content":{"rendered":"<p>Sobre una base pintada en negro, engranajes reciclados de mayor tama\u00f1o dominan la superficie de 12mm con una disposici\u00f3n asim\u00e9trica intencionada. La capa de resina aporta profundidad sin alterar el fondo mate, present\u00e1ndolos como pendientes steampunk de marcada identidad industrial.<\/p>\n","protected":false},"excerpt":{"rendered":"<p>Sobre una base pintada en negro, engranajes reciclados de mayor tama\u00f1o dominan la superficie de 12mm con una disposici\u00f3n asim\u00e9trica intencionada. La capa de resina aporta profundidad sin alterar el fondo mate, present\u00e1ndolos como pendientes steampunk de marcada identidad industrial.<\/p>\n","protected":false},"featured_media":553,"comment_status":"open","ping_status":"closed","template":"","meta":[],"product_brand":[],"product_cat":[255],"product_tag":[],"class_list":{"0":"post-555","1":"product","2":"type-product","3":"status-publish","4":"has-post-thumbnail","6":"product_cat-pendientes","7":"pa_charm-solo-piezas-de-reloj","8":"pa_color-negro","9":"pa_size-12mm","11":"first","12":"instock","13":"featured","14":"taxable","15":"shipping-taxable","16":"purchasable","17":"product-type-simple"},"_links":{"self":[{"href":"https:\/\/artaora.com\/es\/wp-json\/wp\/v2\/product\/555","targetHints":{"allow":["GET"]}}],"collection":[{"href":"https:\/\/artaora.com\/es\/wp-json\/wp\/v2\/product"}],"about":[{"href":"https:\/\/artaora.com\/es\/wp-json\/wp\/v2\/types\/product"}],"replies":[{"embeddable":true,"href":"https:\/\/artaora.com\/es\/wp-json\/wp\/v2\/comments?post=555"}],"wp:featuredmedia":[{"embeddable":true,"href":"https:\/\/artaora.com\/es\/wp-json\/wp\/v2\/media\/553"}],"wp:attachment":[{"href":"https:\/\/artaora.com\/es\/wp-json\/wp\/v2\/media?parent=555"}],"wp:term":[{"taxonomy":"product_brand","embeddable":true,"href":"https:\/\/artaora.com\/es\/wp-json\/wp\/v2\/product_brand?post=555"},{"taxonomy":"product_cat","embeddable":true,"href":"https:\/\/artaora.com\/es\/wp-json\/wp\/v2\/product_cat?post=555"},{"taxonomy":"product_tag","embeddable":true,"href":"https:\/\/artaora.com\/es\/wp-json\/wp\/v2\/product_tag?post=555"}],"curies":[{"name":"wp","href":"https:\/\/api.w.org\/{rel}","templated":true}]}}