{"id":559,"date":"2026-03-01T12:20:28","date_gmt":"2026-03-01T12:20:28","guid":{"rendered":"https:\/\/artaora.com\/product\/pendientes-rojos-arbol-de-la-vida-estilo-steampunk\/"},"modified":"2026-03-01T13:52:49","modified_gmt":"2026-03-01T13:52:49","slug":"pendientes-rojos-arbol-de-la-vida-estilo-steampunk","status":"publish","type":"product","link":"https:\/\/artaora.com\/es\/producto\/pendientes-rojos-arbol-de-la-vida-estilo-steampunk\/","title":{"rendered":"Pendientes rojos \u00c1rbol de la Vida estilo steampunk"},"content":{"rendered":"<p>La silueta del \u00c1rbol de la Vida se eleva sobre componentes de reloj superpuestos en una base pintada en rojo, aportando un punto focal simb\u00f3lico en el formato de 12mm. La estructura de acero inoxidable y el sellado en resina conservan la textura mec\u00e1nica y el motivo org\u00e1nico, creando pendientes steampunk con inspiraci\u00f3n natural.<\/p>\n","protected":false},"excerpt":{"rendered":"<p>La silueta del \u00c1rbol de la Vida se eleva sobre componentes de reloj superpuestos en una base pintada en rojo, aportando un punto focal simb\u00f3lico en el formato de 12mm. La estructura de acero inoxidable y el sellado en resina conservan la textura mec\u00e1nica y el motivo org\u00e1nico, creando pendientes steampunk con inspiraci\u00f3n natural.<\/p>\n","protected":false},"featured_media":557,"comment_status":"open","ping_status":"closed","template":"","meta":[],"product_brand":[],"product_cat":[255],"product_tag":[],"class_list":{"0":"post-559","1":"product","2":"type-product","3":"status-publish","4":"has-post-thumbnail","6":"product_cat-pendientes","7":"pa_charm-arbol-de-la-vida","8":"pa_charm-naturaleza","9":"pa_color-rojo","10":"pa_size-12mm","12":"first","13":"instock","14":"featured","15":"taxable","16":"shipping-taxable","17":"purchasable","18":"product-type-simple"},"_links":{"self":[{"href":"https:\/\/artaora.com\/es\/wp-json\/wp\/v2\/product\/559","targetHints":{"allow":["GET"]}}],"collection":[{"href":"https:\/\/artaora.com\/es\/wp-json\/wp\/v2\/product"}],"about":[{"href":"https:\/\/artaora.com\/es\/wp-json\/wp\/v2\/types\/product"}],"replies":[{"embeddable":true,"href":"https:\/\/artaora.com\/es\/wp-json\/wp\/v2\/comments?post=559"}],"wp:featuredmedia":[{"embeddable":true,"href":"https:\/\/artaora.com\/es\/wp-json\/wp\/v2\/media\/557"}],"wp:attachment":[{"href":"https:\/\/artaora.com\/es\/wp-json\/wp\/v2\/media?parent=559"}],"wp:term":[{"taxonomy":"product_brand","embeddable":true,"href":"https:\/\/artaora.com\/es\/wp-json\/wp\/v2\/product_brand?post=559"},{"taxonomy":"product_cat","embeddable":true,"href":"https:\/\/artaora.com\/es\/wp-json\/wp\/v2\/product_cat?post=559"},{"taxonomy":"product_tag","embeddable":true,"href":"https:\/\/artaora.com\/es\/wp-json\/wp\/v2\/product_tag?post=559"}],"curies":[{"name":"wp","href":"https:\/\/api.w.org\/{rel}","templated":true}]}}