{"id":567,"date":"2026-03-01T12:20:31","date_gmt":"2026-03-01T12:20:31","guid":{"rendered":"https:\/\/artaora.com\/product\/pendientes-verdes-arbol-de-la-vida-mecanico\/"},"modified":"2026-03-01T13:52:50","modified_gmt":"2026-03-01T13:52:50","slug":"pendientes-verdes-arbol-de-la-vida-mecanico","status":"publish","type":"product","link":"https:\/\/artaora.com\/es\/producto\/pendientes-verdes-arbol-de-la-vida-mecanico\/","title":{"rendered":"Pendientes verdes \u00c1rbol de la Vida mec\u00e1nico"},"content":{"rendered":"<p>Una base pintada en verde aporta un matiz natural bajo la silueta del \u00c1rbol de la Vida y los engranajes superpuestos. En el marco de acero inoxidable de 12mm, la resina protege tanto el motivo simb\u00f3lico como los elementos mec\u00e1nicos, dando lugar a joyer\u00eda industrial hecha a mano que une simbolismo org\u00e1nico y estructura steampunk.<\/p>\n","protected":false},"excerpt":{"rendered":"<p>Una base pintada en verde aporta un matiz natural bajo la silueta del \u00c1rbol de la Vida y los engranajes superpuestos. En el marco de acero inoxidable de 12mm, la resina protege tanto el motivo simb\u00f3lico como los elementos mec\u00e1nicos, dando lugar a joyer\u00eda industrial hecha a mano que une simbolismo org\u00e1nico y estructura steampunk.<\/p>\n","protected":false},"featured_media":565,"comment_status":"open","ping_status":"closed","template":"","meta":[],"product_brand":[],"product_cat":[255],"product_tag":[],"class_list":{"0":"post-567","1":"product","2":"type-product","3":"status-publish","4":"has-post-thumbnail","6":"product_cat-pendientes","7":"pa_charm-arbol-de-la-vida","8":"pa_charm-naturaleza","9":"pa_color-verde","10":"pa_size-12mm","12":"first","13":"instock","14":"taxable","15":"shipping-taxable","16":"purchasable","17":"product-type-simple"},"_links":{"self":[{"href":"https:\/\/artaora.com\/es\/wp-json\/wp\/v2\/product\/567","targetHints":{"allow":["GET"]}}],"collection":[{"href":"https:\/\/artaora.com\/es\/wp-json\/wp\/v2\/product"}],"about":[{"href":"https:\/\/artaora.com\/es\/wp-json\/wp\/v2\/types\/product"}],"replies":[{"embeddable":true,"href":"https:\/\/artaora.com\/es\/wp-json\/wp\/v2\/comments?post=567"}],"wp:featuredmedia":[{"embeddable":true,"href":"https:\/\/artaora.com\/es\/wp-json\/wp\/v2\/media\/565"}],"wp:attachment":[{"href":"https:\/\/artaora.com\/es\/wp-json\/wp\/v2\/media?parent=567"}],"wp:term":[{"taxonomy":"product_brand","embeddable":true,"href":"https:\/\/artaora.com\/es\/wp-json\/wp\/v2\/product_brand?post=567"},{"taxonomy":"product_cat","embeddable":true,"href":"https:\/\/artaora.com\/es\/wp-json\/wp\/v2\/product_cat?post=567"},{"taxonomy":"product_tag","embeddable":true,"href":"https:\/\/artaora.com\/es\/wp-json\/wp\/v2\/product_tag?post=567"}],"curies":[{"name":"wp","href":"https:\/\/api.w.org\/{rel}","templated":true}]}}