{"id":599,"date":"2026-03-01T12:20:43","date_gmt":"2026-03-01T12:20:43","guid":{"rendered":"https:\/\/artaora.com\/product\/pendientes-industriales-fucsia-con-rueda-mecanica\/"},"modified":"2026-03-01T13:52:54","modified_gmt":"2026-03-01T13:52:54","slug":"pendientes-industriales-fucsia-con-rueda-mecanica","status":"publish","type":"product","link":"https:\/\/artaora.com\/es\/producto\/pendientes-industriales-fucsia-con-rueda-mecanica\/","title":{"rendered":"Pendientes industriales fucsia con rueda mec\u00e1nica"},"content":{"rendered":"<p>Una base rosa saturada lleva el tema mec\u00e1nico a un contraste gr\u00e1fico, con una rueda centrada como protagonista.<\/p>\n","protected":false},"excerpt":{"rendered":"<p>Una base rosa saturada lleva el tema mec\u00e1nico a un contraste gr\u00e1fico, con una rueda centrada como protagonista.<\/p>\n","protected":false},"featured_media":597,"comment_status":"open","ping_status":"closed","template":"","meta":[],"product_brand":[],"product_cat":[255],"product_tag":[],"class_list":{"0":"post-599","1":"product","2":"type-product","3":"status-publish","4":"has-post-thumbnail","6":"product_cat-pendientes","7":"pa_charm-solo-piezas-de-reloj","8":"pa_color-rosa","9":"pa_size-10mm","11":"first","12":"instock","13":"taxable","14":"shipping-taxable","15":"purchasable","16":"product-type-simple"},"_links":{"self":[{"href":"https:\/\/artaora.com\/es\/wp-json\/wp\/v2\/product\/599","targetHints":{"allow":["GET"]}}],"collection":[{"href":"https:\/\/artaora.com\/es\/wp-json\/wp\/v2\/product"}],"about":[{"href":"https:\/\/artaora.com\/es\/wp-json\/wp\/v2\/types\/product"}],"replies":[{"embeddable":true,"href":"https:\/\/artaora.com\/es\/wp-json\/wp\/v2\/comments?post=599"}],"wp:featuredmedia":[{"embeddable":true,"href":"https:\/\/artaora.com\/es\/wp-json\/wp\/v2\/media\/597"}],"wp:attachment":[{"href":"https:\/\/artaora.com\/es\/wp-json\/wp\/v2\/media?parent=599"}],"wp:term":[{"taxonomy":"product_brand","embeddable":true,"href":"https:\/\/artaora.com\/es\/wp-json\/wp\/v2\/product_brand?post=599"},{"taxonomy":"product_cat","embeddable":true,"href":"https:\/\/artaora.com\/es\/wp-json\/wp\/v2\/product_cat?post=599"},{"taxonomy":"product_tag","embeddable":true,"href":"https:\/\/artaora.com\/es\/wp-json\/wp\/v2\/product_tag?post=599"}],"curies":[{"name":"wp","href":"https:\/\/api.w.org\/{rel}","templated":true}]}}