{"id":603,"date":"2026-03-01T12:20:44","date_gmt":"2026-03-01T12:20:44","guid":{"rendered":"https:\/\/artaora.com\/product\/pendientes-azul-acero-con-engranaje-radial\/"},"modified":"2026-03-01T13:52:55","modified_gmt":"2026-03-01T13:52:55","slug":"pendientes-azul-acero-con-engranaje-radial","status":"publish","type":"product","link":"https:\/\/artaora.com\/es\/producto\/pendientes-azul-acero-con-engranaje-radial\/","title":{"rendered":"Pendientes azul acero con engranaje radial"},"content":{"rendered":"<p>Una base azul fr\u00eda sostiene una configuraci\u00f3n sim\u00e9trica de engranajes de lat\u00f3n enmarcada por un anillo dentado.<\/p>\n","protected":false},"excerpt":{"rendered":"<p>Una base azul fr\u00eda sostiene una configuraci\u00f3n sim\u00e9trica de engranajes de lat\u00f3n enmarcada por un anillo dentado.<\/p>\n","protected":false},"featured_media":601,"comment_status":"open","ping_status":"closed","template":"","meta":[],"product_brand":[],"product_cat":[255],"product_tag":[],"class_list":{"0":"post-603","1":"product","2":"type-product","3":"status-publish","4":"has-post-thumbnail","6":"product_cat-pendientes","7":"pa_charm-solo-piezas-de-reloj","8":"pa_color-azul","9":"pa_size-10mm","11":"first","12":"instock","13":"taxable","14":"shipping-taxable","15":"purchasable","16":"product-type-simple"},"_links":{"self":[{"href":"https:\/\/artaora.com\/es\/wp-json\/wp\/v2\/product\/603","targetHints":{"allow":["GET"]}}],"collection":[{"href":"https:\/\/artaora.com\/es\/wp-json\/wp\/v2\/product"}],"about":[{"href":"https:\/\/artaora.com\/es\/wp-json\/wp\/v2\/types\/product"}],"replies":[{"embeddable":true,"href":"https:\/\/artaora.com\/es\/wp-json\/wp\/v2\/comments?post=603"}],"wp:featuredmedia":[{"embeddable":true,"href":"https:\/\/artaora.com\/es\/wp-json\/wp\/v2\/media\/601"}],"wp:attachment":[{"href":"https:\/\/artaora.com\/es\/wp-json\/wp\/v2\/media?parent=603"}],"wp:term":[{"taxonomy":"product_brand","embeddable":true,"href":"https:\/\/artaora.com\/es\/wp-json\/wp\/v2\/product_brand?post=603"},{"taxonomy":"product_cat","embeddable":true,"href":"https:\/\/artaora.com\/es\/wp-json\/wp\/v2\/product_cat?post=603"},{"taxonomy":"product_tag","embeddable":true,"href":"https:\/\/artaora.com\/es\/wp-json\/wp\/v2\/product_tag?post=603"}],"curies":[{"name":"wp","href":"https:\/\/api.w.org\/{rel}","templated":true}]}}