{"id":619,"date":"2026-03-01T12:20:50","date_gmt":"2026-03-01T12:20:50","guid":{"rendered":"https:\/\/artaora.com\/product\/pendientes-naranja-intenso-con-engranaje-radial\/"},"modified":"2026-03-01T13:52:57","modified_gmt":"2026-03-01T13:52:57","slug":"pendientes-naranja-intenso-con-engranaje-radial","status":"publish","type":"product","link":"https:\/\/artaora.com\/es\/producto\/pendientes-naranja-intenso-con-engranaje-radial\/","title":{"rendered":"Pendientes naranja intenso con engranaje radial"},"content":{"rendered":"<p>El naranja vivo potencia la estructura circular de lat\u00f3n, creando un perfil en\u00e9rgico basado en \u00e9nfasis radial.<\/p>\n","protected":false},"excerpt":{"rendered":"<p>El naranja vivo potencia la estructura circular de lat\u00f3n, creando un perfil en\u00e9rgico basado en \u00e9nfasis radial.<\/p>\n","protected":false},"featured_media":617,"comment_status":"open","ping_status":"closed","template":"","meta":[],"product_brand":[],"product_cat":[255],"product_tag":[],"class_list":{"0":"post-619","1":"product","2":"type-product","3":"status-publish","4":"has-post-thumbnail","6":"product_cat-pendientes","7":"pa_charm-solo-piezas-de-reloj","8":"pa_color-azul","9":"pa_size-10mm","11":"first","12":"instock","13":"taxable","14":"shipping-taxable","15":"purchasable","16":"product-type-simple"},"_links":{"self":[{"href":"https:\/\/artaora.com\/es\/wp-json\/wp\/v2\/product\/619","targetHints":{"allow":["GET"]}}],"collection":[{"href":"https:\/\/artaora.com\/es\/wp-json\/wp\/v2\/product"}],"about":[{"href":"https:\/\/artaora.com\/es\/wp-json\/wp\/v2\/types\/product"}],"replies":[{"embeddable":true,"href":"https:\/\/artaora.com\/es\/wp-json\/wp\/v2\/comments?post=619"}],"wp:featuredmedia":[{"embeddable":true,"href":"https:\/\/artaora.com\/es\/wp-json\/wp\/v2\/media\/617"}],"wp:attachment":[{"href":"https:\/\/artaora.com\/es\/wp-json\/wp\/v2\/media?parent=619"}],"wp:term":[{"taxonomy":"product_brand","embeddable":true,"href":"https:\/\/artaora.com\/es\/wp-json\/wp\/v2\/product_brand?post=619"},{"taxonomy":"product_cat","embeddable":true,"href":"https:\/\/artaora.com\/es\/wp-json\/wp\/v2\/product_cat?post=619"},{"taxonomy":"product_tag","embeddable":true,"href":"https:\/\/artaora.com\/es\/wp-json\/wp\/v2\/product_tag?post=619"}],"curies":[{"name":"wp","href":"https:\/\/api.w.org\/{rel}","templated":true}]}}