{"id":623,"date":"2026-03-01T12:20:51","date_gmt":"2026-03-01T12:20:51","guid":{"rendered":"https:\/\/artaora.com\/product\/pendientes-industriales-verde-esmeralda-de-diseno-radial\/"},"modified":"2026-03-01T13:52:57","modified_gmt":"2026-03-01T13:52:57","slug":"pendientes-industriales-verde-esmeralda-de-diseno-radial","status":"publish","type":"product","link":"https:\/\/artaora.com\/es\/producto\/pendientes-industriales-verde-esmeralda-de-diseno-radial\/","title":{"rendered":"Pendientes industriales verde esmeralda de dise\u00f1o radial"},"content":{"rendered":"<p>La geometr\u00eda manda: una base verde sostiene una rueda de lat\u00f3n centrada y un anillo dentado fino para un equilibrio limpio.<\/p>\n","protected":false},"excerpt":{"rendered":"<p>La geometr\u00eda manda: una base verde sostiene una rueda de lat\u00f3n centrada y un anillo dentado fino para un equilibrio limpio.<\/p>\n","protected":false},"featured_media":621,"comment_status":"open","ping_status":"closed","template":"","meta":[],"product_brand":[],"product_cat":[255],"product_tag":[],"class_list":{"0":"post-623","1":"product","2":"type-product","3":"status-publish","4":"has-post-thumbnail","6":"product_cat-pendientes","7":"pa_charm-solo-piezas-de-reloj","8":"pa_color-verde","9":"pa_size-10mm","11":"first","12":"instock","13":"taxable","14":"shipping-taxable","15":"purchasable","16":"product-type-simple"},"_links":{"self":[{"href":"https:\/\/artaora.com\/es\/wp-json\/wp\/v2\/product\/623","targetHints":{"allow":["GET"]}}],"collection":[{"href":"https:\/\/artaora.com\/es\/wp-json\/wp\/v2\/product"}],"about":[{"href":"https:\/\/artaora.com\/es\/wp-json\/wp\/v2\/types\/product"}],"replies":[{"embeddable":true,"href":"https:\/\/artaora.com\/es\/wp-json\/wp\/v2\/comments?post=623"}],"wp:featuredmedia":[{"embeddable":true,"href":"https:\/\/artaora.com\/es\/wp-json\/wp\/v2\/media\/621"}],"wp:attachment":[{"href":"https:\/\/artaora.com\/es\/wp-json\/wp\/v2\/media?parent=623"}],"wp:term":[{"taxonomy":"product_brand","embeddable":true,"href":"https:\/\/artaora.com\/es\/wp-json\/wp\/v2\/product_brand?post=623"},{"taxonomy":"product_cat","embeddable":true,"href":"https:\/\/artaora.com\/es\/wp-json\/wp\/v2\/product_cat?post=623"},{"taxonomy":"product_tag","embeddable":true,"href":"https:\/\/artaora.com\/es\/wp-json\/wp\/v2\/product_tag?post=623"}],"curies":[{"name":"wp","href":"https:\/\/api.w.org\/{rel}","templated":true}]}}