{"id":631,"date":"2026-03-01T12:20:54","date_gmt":"2026-03-01T12:20:54","guid":{"rendered":"https:\/\/artaora.com\/product\/pendientes-rojos-mecanicos-con-engranajes-superpuestos\/"},"modified":"2026-03-01T13:52:59","modified_gmt":"2026-03-01T13:52:59","slug":"pendientes-rojos-mecanicos-con-engranajes-superpuestos","status":"publish","type":"product","link":"https:\/\/artaora.com\/es\/producto\/pendientes-rojos-mecanicos-con-engranajes-superpuestos\/","title":{"rendered":"Pendientes rojos mec\u00e1nicos con engranajes superpuestos"},"content":{"rendered":"<p>El rojo sostiene engranajes en varios niveles, combinando discos plateados grandes con elementos de lat\u00f3n m\u00e1s peque\u00f1os.<\/p>\n","protected":false},"excerpt":{"rendered":"<p>El rojo sostiene engranajes en varios niveles, combinando discos plateados grandes con elementos de lat\u00f3n m\u00e1s peque\u00f1os.<\/p>\n","protected":false},"featured_media":629,"comment_status":"open","ping_status":"closed","template":"","meta":[],"product_brand":[],"product_cat":[255],"product_tag":[],"class_list":{"0":"post-631","1":"product","2":"type-product","3":"status-publish","4":"has-post-thumbnail","6":"product_cat-pendientes","7":"pa_charm-solo-piezas-de-reloj","8":"pa_color-rojo","9":"pa_size-10mm","11":"first","12":"instock","13":"taxable","14":"shipping-taxable","15":"purchasable","16":"product-type-simple"},"_links":{"self":[{"href":"https:\/\/artaora.com\/es\/wp-json\/wp\/v2\/product\/631","targetHints":{"allow":["GET"]}}],"collection":[{"href":"https:\/\/artaora.com\/es\/wp-json\/wp\/v2\/product"}],"about":[{"href":"https:\/\/artaora.com\/es\/wp-json\/wp\/v2\/types\/product"}],"replies":[{"embeddable":true,"href":"https:\/\/artaora.com\/es\/wp-json\/wp\/v2\/comments?post=631"}],"wp:featuredmedia":[{"embeddable":true,"href":"https:\/\/artaora.com\/es\/wp-json\/wp\/v2\/media\/629"}],"wp:attachment":[{"href":"https:\/\/artaora.com\/es\/wp-json\/wp\/v2\/media?parent=631"}],"wp:term":[{"taxonomy":"product_brand","embeddable":true,"href":"https:\/\/artaora.com\/es\/wp-json\/wp\/v2\/product_brand?post=631"},{"taxonomy":"product_cat","embeddable":true,"href":"https:\/\/artaora.com\/es\/wp-json\/wp\/v2\/product_cat?post=631"},{"taxonomy":"product_tag","embeddable":true,"href":"https:\/\/artaora.com\/es\/wp-json\/wp\/v2\/product_tag?post=631"}],"curies":[{"name":"wp","href":"https:\/\/api.w.org\/{rel}","templated":true}]}}