{"id":647,"date":"2026-03-01T12:21:00","date_gmt":"2026-03-01T12:21:00","guid":{"rendered":"https:\/\/artaora.com\/product\/pendientes-azul-verdoso-con-doble-engranaje-industrial\/"},"modified":"2026-03-01T13:53:01","modified_gmt":"2026-03-01T13:53:01","slug":"pendientes-azul-verdoso-con-doble-engranaje-industrial","status":"publish","type":"product","link":"https:\/\/artaora.com\/es\/producto\/pendientes-azul-verdoso-con-doble-engranaje-industrial\/","title":{"rendered":"Pendientes azul verdoso con doble engranaje industrial"},"content":{"rendered":"<p>Dos engranajes de lat\u00f3n se superponen sobre la base azul, distribuyendo el peso en diagonal para sugerir interacci\u00f3n mec\u00e1nica.<\/p>\n","protected":false},"excerpt":{"rendered":"<p>Dos engranajes de lat\u00f3n se superponen sobre la base azul, distribuyendo el peso en diagonal para sugerir interacci\u00f3n mec\u00e1nica.<\/p>\n","protected":false},"featured_media":645,"comment_status":"open","ping_status":"closed","template":"","meta":[],"product_brand":[],"product_cat":[255],"product_tag":[],"class_list":{"0":"post-647","1":"product","2":"type-product","3":"status-publish","4":"has-post-thumbnail","6":"product_cat-pendientes","7":"pa_charm-solo-piezas-de-reloj","8":"pa_color-azul","9":"pa_size-10mm","11":"first","12":"instock","13":"taxable","14":"shipping-taxable","15":"purchasable","16":"product-type-simple"},"_links":{"self":[{"href":"https:\/\/artaora.com\/es\/wp-json\/wp\/v2\/product\/647","targetHints":{"allow":["GET"]}}],"collection":[{"href":"https:\/\/artaora.com\/es\/wp-json\/wp\/v2\/product"}],"about":[{"href":"https:\/\/artaora.com\/es\/wp-json\/wp\/v2\/types\/product"}],"replies":[{"embeddable":true,"href":"https:\/\/artaora.com\/es\/wp-json\/wp\/v2\/comments?post=647"}],"wp:featuredmedia":[{"embeddable":true,"href":"https:\/\/artaora.com\/es\/wp-json\/wp\/v2\/media\/645"}],"wp:attachment":[{"href":"https:\/\/artaora.com\/es\/wp-json\/wp\/v2\/media?parent=647"}],"wp:term":[{"taxonomy":"product_brand","embeddable":true,"href":"https:\/\/artaora.com\/es\/wp-json\/wp\/v2\/product_brand?post=647"},{"taxonomy":"product_cat","embeddable":true,"href":"https:\/\/artaora.com\/es\/wp-json\/wp\/v2\/product_cat?post=647"},{"taxonomy":"product_tag","embeddable":true,"href":"https:\/\/artaora.com\/es\/wp-json\/wp\/v2\/product_tag?post=647"}],"curies":[{"name":"wp","href":"https:\/\/api.w.org\/{rel}","templated":true}]}}