{"id":659,"date":"2026-03-01T12:21:04","date_gmt":"2026-03-01T12:21:04","guid":{"rendered":"https:\/\/artaora.com\/product\/pendientes-steampunk-dorados-arbol-de-la-vida\/"},"modified":"2026-03-01T13:53:03","modified_gmt":"2026-03-01T13:53:03","slug":"pendientes-steampunk-dorados-arbol-de-la-vida","status":"publish","type":"product","link":"https:\/\/artaora.com\/es\/producto\/pendientes-steampunk-dorados-arbol-de-la-vida\/","title":{"rendered":"Pendientes Steampunk Dorados \u00c1rbol de la Vida"},"content":{"rendered":"<p>Una superficie pintada en dorado realza el \u00e1rbol de la vida sobre componentes de reloj reciclados sellados con resina. Los cierres leverback ampl\u00edan la ca\u00edda total a aproximadamente 25mm, aportando cierre seguro y movimiento c\u00f3modo. Un ejemplo compacto de joyer\u00eda con piezas de reloj reutilizadas y simbolismo.<\/p>\n","protected":false},"excerpt":{"rendered":"<p>Una superficie pintada en dorado realza el \u00e1rbol de la vida sobre componentes de reloj reciclados sellados con resina. Los cierres leverback ampl\u00edan la ca\u00edda total a aproximadamente 25mm, aportando cierre seguro y movimiento c\u00f3modo. Un ejemplo compacto de joyer\u00eda con piezas de reloj reutilizadas y simbolismo.<\/p>\n","protected":false},"featured_media":657,"comment_status":"open","ping_status":"closed","template":"","meta":[],"product_brand":[],"product_cat":[255],"product_tag":[],"class_list":{"0":"post-659","1":"product","2":"type-product","3":"status-publish","4":"has-post-thumbnail","6":"product_cat-pendientes","7":"pa_charm-arbol-de-la-vida","8":"pa_charm-naturaleza","9":"pa_color-dorado","10":"pa_size-14mm","12":"first","13":"instock","14":"taxable","15":"shipping-taxable","16":"purchasable","17":"product-type-simple"},"_links":{"self":[{"href":"https:\/\/artaora.com\/es\/wp-json\/wp\/v2\/product\/659","targetHints":{"allow":["GET"]}}],"collection":[{"href":"https:\/\/artaora.com\/es\/wp-json\/wp\/v2\/product"}],"about":[{"href":"https:\/\/artaora.com\/es\/wp-json\/wp\/v2\/types\/product"}],"replies":[{"embeddable":true,"href":"https:\/\/artaora.com\/es\/wp-json\/wp\/v2\/comments?post=659"}],"wp:featuredmedia":[{"embeddable":true,"href":"https:\/\/artaora.com\/es\/wp-json\/wp\/v2\/media\/657"}],"wp:attachment":[{"href":"https:\/\/artaora.com\/es\/wp-json\/wp\/v2\/media?parent=659"}],"wp:term":[{"taxonomy":"product_brand","embeddable":true,"href":"https:\/\/artaora.com\/es\/wp-json\/wp\/v2\/product_brand?post=659"},{"taxonomy":"product_cat","embeddable":true,"href":"https:\/\/artaora.com\/es\/wp-json\/wp\/v2\/product_cat?post=659"},{"taxonomy":"product_tag","embeddable":true,"href":"https:\/\/artaora.com\/es\/wp-json\/wp\/v2\/product_tag?post=659"}],"curies":[{"name":"wp","href":"https:\/\/api.w.org\/{rel}","templated":true}]}}